{"id":10956,"date":"2016-02-18T14:05:11","date_gmt":"2016-02-18T14:05:11","guid":{"rendered":"http:\/\/chpgunitepreprod.neptune.cdigital.fr\/un-etablissement-dexcellence\/?lang=it"},"modified":"2020-07-21T10:25:05","modified_gmt":"2020-07-21T10:25:05","slug":"un-etablissement-dexcellence-2","status":"publish","type":"page","link":"https:\/\/www.checkupunit.chpg.mc\/it\/un-etablissement-dexcellence-2\/","title":{"rendered":"Il CHPG, una struttura ospedaliera d\u2019eccellenza"},"content":{"rendered":"[vc_row fullwidth=&#8221;true&#8221; fullwidth_content=&#8221;false&#8221; equal_columns=&#8221;true&#8221; css=&#8221;.vc_custom_1524060682524{padding-top: 20px !important;padding-right: 40px !important;padding-bottom: 20px !important;padding-left: 40px !important;background-image: url(https:\/\/www.checkupunit.chpg.mc\/\/wp-content\/uploads\/2018\/04\/banniere_vide2.jpg?id=11874) !important;background-position: center !important;background-repeat: no-repeat !important;background-size: cover !important;}&#8221;][vc_column][mk_fancy_title color=&#8221;#b1121b&#8221; size=&#8221;34&#8243; txt_transform=&#8221;uppercase&#8221; margin_bottom=&#8221;0&#8243; font_family=&#8221;Raleway&#8221; font_type=&#8221;google&#8221;]\n<p style=\"text-align: left; color: red;\">Il CHPG<\/p>\n<p>Una struttura ospedaliera d\u2019eccellenza<\/p>\n[\/mk_fancy_title][\/vc_column][\/vc_row][vc_row css=&#8221;.vc_custom_1519740732551{padding-top: 20px !important;}&#8221;][vc_column width=&#8221;3\/4&#8243;][mk_fancy_title color=&#8221;#b1121b&#8221; size=&#8221;26&#8243; margin_bottom=&#8221;0&#8243; font_family=&#8221;Raleway&#8221; font_type=&#8221;google&#8221;]Un polo di prevenzione e di cure eccezionale<\/p>\n[\/mk_fancy_title][mk_divider style=&#8221;thick_solid&#8221; divider_width=&#8221;custom_width&#8221; custom_width=&#8221;90&#8243; align=&#8221;left&#8221; border_color=&#8221;#b1121b&#8221; margin_top=&#8221;0&#8243;][vc_row_inner][vc_column_inner][vc_column_text css=&#8221;.vc_custom_1531812080325{margin-bottom: 0px !important;}&#8221;]Il Centro Ospedaliero Princesse Grace propone un\u2019offerta terapeutica completa di livello internazionale, grazie alla qualit\u00e0 delle sue \u00e9quipe di medici specialisti e delle sue attrezzature all\u2019avanguardia della tecnologia in numerose specialit\u00e0. Questa eccellenza gli \u00e8 valsa il recente ottenimento di una certificazione con il massimo rating attribuito presso le pi\u00f9 alte istanze sanitarie*[\/vc_column_text][\/vc_column_inner][\/vc_row_inner][vc_row_inner][vc_column_inner][vc_single_image image=&#8221;10720&#8243; img_size=&#8221;full&#8221; alignment=&#8221;center&#8221;][\/vc_column_inner][\/vc_row_inner][vc_row_inner][vc_column_inner][vc_column_text css=&#8221;.vc_custom_1534238666288{margin-bottom: 0px !important;}&#8221;]\n<ul>\n<li><a href=\"https:\/\/www.chpg.mc\/care-service\/?lang=it\" target=\"_blank\" rel=\"noopener noreferrer\">21 specialit\u00e0<\/a>,<\/li>\n<li>Competenze riconosciute nello screening e nell\u2019indagine delle patologie cardiovascolari e di alcuni tumori prima della comparsa dei sintomi per trattarli il pi\u00f9 precocemente possibile,<\/li>\n<li>Un\u2019attivit\u00e0 medica e chirurgica pluridisciplinare, nonch\u00e9 un reparto di anestesia-rianimazione efficiente,<\/li>\n<li>RM, TAC diagnostica ed interventistica, ecografia, Ecodoppler cardiaco e vascolare, <a href=\"https:\/\/www.medecinenucleaire.chpg.mc\/?lang=it\" target=\"_blank\" rel=\"noopener noreferrer\">scintigrafia, PET scan<\/a>,<\/li>\n<li>Endoscopia digestiva, bronchiale, urologica,<\/li>\n<li>Sala di elettrofisiologia cardiaca di altissimo livello (unico centro per l\u2019area Francia-Principato di Monaco ad essere dotato di un sistema di cartografia cardiaca di elevata precisione),<\/li>\n<li>Robot chirurgico Da Vinci,<\/li>\n<li>Monitoraggio oculare (eye tracking) come aiuto alla diagnosi di patologie cognitive (unico centro della regione dotato di questa apparecchiatura),<\/li>\n<li>Laboratorio di biologia di alto livello tecnologico,Apparecchiature medico-tecnologiche eccezionali:<\/li>\n<li>Esplorazioni funzionali, respiratorie, cardiache, ecc.<\/li>\n<\/ul>\n[\/vc_column_text][\/vc_column_inner][\/vc_row_inner][vc_row_inner][vc_column_inner][vc_single_image image=&#8221;10721&#8243; img_size=&#8221;full&#8221; alignment=&#8221;center&#8221;][\/vc_column_inner][\/vc_row_inner][\/vc_column][vc_column width=&#8221;1\/4&#8243;][vc_widget_sidebar sidebar_id=&#8221;sidebar-2&#8243; el_class=&#8221;bloc-widget&#8221;][\/vc_column][\/vc_row][vc_row][vc_column][mk_message_box]*L\u2019Alta Autorit\u00e0 Sanitaria (HAS) francese ha conferito al Centro Ospedaliero Princesse Grace una certificazione \u201csenza alcuna riserva e raccomandazione\u201d con rating A (massimo rating che possa essere attribuito ad un istituto clinico).<\/p>\n<p>Se questa certificazione \u00e8 obbligatoria in Francia per tutti gli istituti sanitari, non lo \u00e8 nel Principato di Monaco e il Centro Ospedaliero Princesse Grace ha scelto, come aveva gi\u00e0 fatto nel 2007, di sottoporvisi in modo assolutamente volontario.<\/p>\n<p>Questa certificazione, basata su un referente V2014 estremamente esigente, dimostra l\u2019alto livello di qualit\u00e0 e di sicurezza terapeutica del nostro Centro ospedaliero.[\/mk_message_box][\/vc_column][\/vc_row][vc_row fullwidth=&#8221;true&#8221; fullwidth_content=&#8221;false&#8221; equal_columns=&#8221;true&#8221; css=&#8221;.vc_custom_1516810797544{padding-top: 40px !important;padding-right: 20px !important;padding-bottom: 40px !important;padding-left: 20px !important;background-image: url(\/wp-content\/uploads\/2018\/01\/fond-acces.jpg?id=11497) !important;background-position: center !important;background-repeat: no-repeat !important;background-size: cover !important;}&#8221;][vc_column][mk_fancy_title color=&#8221;#b1121b&#8221; size=&#8221;34&#8243; margin_bottom=&#8221;0&#8243; font_family=&#8221;Raleway&#8221; font_type=&#8221;google&#8221; align=&#8221;center&#8221;]\n<p style=\"text-align: center;\">Informazioni utili<\/p>\n[\/mk_fancy_title][mk_divider style=&#8221;thick_solid&#8221; divider_width=&#8221;custom_width&#8221; custom_width=&#8221;90&#8243; border_color=&#8221;#b1121b&#8221; margin_top=&#8221;0&#8243;][vc_row_inner][vc_column_inner el_class=&#8221;bloc-infos&#8221; width=&#8221;1\/2&#8243; css=&#8221;.vc_custom_1516812575180{padding-top: 40px !important;padding-right: 40px !important;padding-bottom: 40px !important;padding-left: 40px !important;background-color: rgba(177,18,27,0.9) !important;*background-color: rgb(177,18,27) !important;}&#8221;][vc_column_text css=&#8221;.vc_custom_1531812817986{margin-bottom: 0px !important;}&#8221;]\n<p style=\"color: white;\">In una cornice eccezionale, sulle colline del Principato, il Centro Ospedaliero Princesse Grace, CHPG, \u00e8 l\u2019unica struttura ospedaliera pubblica del Principato di Monaco. Soddisfa le aspettative sanitarie e sociali della popolazione, garantendo ai pazienti fiducia e sicurezza, grazie alla qualit\u00e0 della sua offerta terapeutica, all\u2019accoglienza personalizzata ed alle prestazioni alberghiere proposte.<\/p>\n[\/vc_column_text][\/vc_column_inner][vc_column_inner el_class=&#8221;bloc-infos&#8221; width=&#8221;1\/2&#8243; css=&#8221;.vc_custom_1516812571354{padding-top: 40px !important;padding-right: 40px !important;padding-bottom: 40px !important;padding-left: 40px !important;background-color: rgba(177,18,27,0.9) !important;*background-color: rgb(177,18,27) !important;}&#8221;][mk_fancy_title tag_name=&#8221;h3&#8243; color=&#8221;#ffffff&#8221; size=&#8221;22&#8243; txt_transform=&#8221;uppercase&#8221; margin_bottom=&#8221;0&#8243; font_family=&#8221;Raleway&#8221; font_type=&#8221;google&#8221; align=&#8221;center&#8221;]\n<p style=\"text-align: center;\">Servizi di Check-up Unit<br \/>\n<span class=\"baec5a81-e4d6-4674-97f3-e9220f0136c1\" style=\"white-space: nowrap;\">+377 97 98 99 40<a style=\"margin: 0px; border: currentColor; left: 0px; top: 0px; width: 16px; height: 16px; right: 0px; bottom: 0px; overflow: hidden; vertical-align: middle; float: none; display: inline; white-space: nowrap; position: static !important;\" title=\"Appeler : +377 97 98 77 57\" href=\"#\"><img decoding=\"async\" style=\"margin: 0px; border: currentColor; left: 0px; top: 0px; width: 16px; height: 16px; right: 0px; bottom: 0px; overflow: hidden; vertical-align: middle; float: none; display: inline; white-space: nowrap; position: static !important;\" title=\"Appeler : +377 97 98 77 57\" src=\"data:image\/png;base64,iVBORw0KGgoAAAANSUhEUgAAABAAAAAQCAYAAAAf8\/9hAAABcklEQVR4XpXTPUvDUBTH4aR2c2hBQXGpTiIORhBcBOvgYKf0Awi+4Ggr1MVPIIrYdnEpShddHIyLi6AVXVxsRRDRwbi4KNgu4lCIv8i\/i6QRDzycy+09555LqOl5nhEUptPoJe1iDHU8oYlrlDw79m4QEbSLPexzsIc8hDRm8YBjLpj4q8EgxQdab+MNd4ghhQ2adIc1+ORAFEnWWfTDRp7GDfImlsIavKALLuqoqMGUCs4wHtagiQ5uc8kDyCOBKlP1k78QNTOZnMXCQRxWsbjl6iuskV41SQG2Gj9rikvcR1WcgKFDBa1LOEUK56hqv8BUFV3SGWkVS9JQ6Dsv4wQ1DKMPORUvkm78BhdQMI1CTa5I0yrcwSFqFD+SZ7DQesIkCG5S\/JpkHYERQRmuNsrZ7Grc+Ef8\/Bcoslkfae8Wc7CUHZ++TuAEBj86pHntjaDKXllPy6PW\/gkKFaThwp\/K87N8hDcQTTKKFTioSxqB8Q2BNX5JtAljwgAAAABJRU5ErkJggg==\" \/><\/a><\/span><\/p>\n[\/mk_fancy_title][mk_divider style=&#8221;thick_solid&#8221; divider_width=&#8221;custom_width&#8221; custom_width=&#8221;40&#8243; border_color=&#8221;#ffffff&#8221; margin_top=&#8221;0&#8243;][vc_column_text el_class=&#8221;info-service&#8221; css=&#8221;.vc_custom_1531830538768{margin-bottom: 0px !important;}&#8221;]\n<p class=\"col-gauche\" style=\"text-align: left;\"><span style=\"color: #ffffff;\"><strong style=\"color: #ffffff;\">Centralino CHPG<\/strong><\/span><br \/>\n<span style=\"color: #ffffff;\"><span class=\"baec5a81-e4d6-4674-97f3-e9220f0136c1\" style=\"white-space: nowrap;\">+377 97 98 99 00<a style=\"margin: 0px; border: currentColor; left: 0px; top: 0px; width: 16px; height: 16px; right: 0px; bottom: 0px; overflow: hidden; vertical-align: middle; float: none; display: inline; white-space: nowrap; position: static !important;\" title=\"Appeler : +377 97 98 99 00\" href=\"#\"><img decoding=\"async\" style=\"margin: 0px; border: currentColor; left: 0px; top: 0px; width: 16px; height: 16px; right: 0px; bottom: 0px; overflow: hidden; vertical-align: middle; float: none; display: inline; white-space: nowrap; position: static !important;\" title=\"Appeler : +377 97 98 99 00\" src=\"data:image\/png;base64,iVBORw0KGgoAAAANSUhEUgAAABAAAAAQCAYAAAAf8\/9hAAABcklEQVR4XpXTPUvDUBTH4aR2c2hBQXGpTiIORhBcBOvgYKf0Awi+4Ggr1MVPIIrYdnEpShddHIyLi6AVXVxsRRDRwbi4KNgu4lCIv8i\/i6QRDzycy+09555LqOl5nhEUptPoJe1iDHU8oYlrlDw79m4QEbSLPexzsIc8hDRm8YBjLpj4q8EgxQdab+MNd4ghhQ2adIc1+ORAFEnWWfTDRp7GDfImlsIavKALLuqoqMGUCs4wHtagiQ5uc8kDyCOBKlP1k78QNTOZnMXCQRxWsbjl6iuskV41SQG2Gj9rikvcR1WcgKFDBa1LOEUK56hqv8BUFV3SGWkVS9JQ6Dsv4wQ1DKMPORUvkm78BhdQMI1CTa5I0yrcwSFqFD+SZ7DQesIkCG5S\/JpkHYERQRmuNsrZ7Grc+Ef8\/Bcoslkfae8Wc7CUHZ++TuAEBj86pHntjaDKXllPy6PW\/gkKFaThwp\/K87N8hDcQTTKKFTioSxqB8Q2BNX5JtAljwgAAAABJRU5ErkJggg==\" \/><\/a><\/span><\/span><\/p>\n<p class=\"col-droite\" style=\"text-align: left;\"><span style=\"color: #ffffff;\"><strong style=\"color: #ffffff;\">Emergenze adulti<\/strong><\/span><br \/>\n<span style=\"color: #ffffff;\"><span class=\"baec5a81-e4d6-4674-97f3-e9220f0136c1\" style=\"white-space: nowrap;\">+377 97 98 97 69<a style=\"margin: 0px; border: currentColor; left: 0px; top: 0px; width: 16px; height: 16px; right: 0px; bottom: 0px; overflow: hidden; vertical-align: middle; float: none; display: inline; white-space: nowrap; position: static !important;\" title=\"Appeler : +377 97 98 97 69\" href=\"#\"><img decoding=\"async\" style=\"margin: 0px; border: currentColor; left: 0px; top: 0px; width: 16px; height: 16px; right: 0px; bottom: 0px; overflow: hidden; vertical-align: middle; float: none; display: inline; white-space: nowrap; position: static !important;\" title=\"Appeler : +377 97 98 97 69\" src=\"data:image\/png;base64,iVBORw0KGgoAAAANSUhEUgAAABAAAAAQCAYAAAAf8\/9hAAABcklEQVR4XpXTPUvDUBTH4aR2c2hBQXGpTiIORhBcBOvgYKf0Awi+4Ggr1MVPIIrYdnEpShddHIyLi6AVXVxsRRDRwbi4KNgu4lCIv8i\/i6QRDzycy+09555LqOl5nhEUptPoJe1iDHU8oYlrlDw79m4QEbSLPexzsIc8hDRm8YBjLpj4q8EgxQdab+MNd4ghhQ2adIc1+ORAFEnWWfTDRp7GDfImlsIavKALLuqoqMGUCs4wHtagiQ5uc8kDyCOBKlP1k78QNTOZnMXCQRxWsbjl6iuskV41SQG2Gj9rikvcR1WcgKFDBa1LOEUK56hqv8BUFV3SGWkVS9JQ6Dsv4wQ1DKMPORUvkm78BhdQMI1CTa5I0yrcwSFqFD+SZ7DQesIkCG5S\/JpkHYERQRmuNsrZ7Grc+Ef8\/Bcoslkfae8Wc7CUHZ++TuAEBj86pHntjaDKXllPy6PW\/gkKFaThwp\/K87N8hDcQTTKKFTioSxqB8Q2BNX5JtAljwgAAAABJRU5ErkJggg==\" \/><\/a><\/span><\/span><\/p>\n<p class=\"col-gauche\" style=\"text-align: left;\"><span style=\"color: #ffffff;\"><strong style=\"color: #ffffff;\">Ufficio di entrata<\/strong><\/span><br \/>\n<span style=\"color: #ffffff;\">+377 97 98 98 10<\/span><\/p>\n<p class=\"col-droite\" style=\"text-align: left;\"><span style=\"color: #ffffff;\"><strong style=\"color: #ffffff;\">Emergenze pediatria<\/strong><\/span><br \/>\n<span style=\"color: #ffffff;\"><span class=\"baec5a81-e4d6-4674-97f3-e9220f0136c1\" style=\"white-space: nowrap;\">+377 97 98 95 33<a style=\"margin: 0px; border: currentColor; left: 0px; top: 0px; width: 16px; height: 16px; right: 0px; bottom: 0px; overflow: hidden; vertical-align: middle; float: none; display: inline; white-space: nowrap; position: static !important;\" title=\"Appeler : +377 97 98 95 33\" href=\"#\"><img decoding=\"async\" style=\"margin: 0px; border: currentColor; left: 0px; top: 0px; width: 16px; height: 16px; right: 0px; bottom: 0px; overflow: hidden; vertical-align: middle; float: none; display: inline; white-space: nowrap; position: static !important;\" title=\"Appeler : +377 97 98 95 33\" src=\"data:image\/png;base64,iVBORw0KGgoAAAANSUhEUgAAABAAAAAQCAYAAAAf8\/9hAAABcklEQVR4XpXTPUvDUBTH4aR2c2hBQXGpTiIORhBcBOvgYKf0Awi+4Ggr1MVPIIrYdnEpShddHIyLi6AVXVxsRRDRwbi4KNgu4lCIv8i\/i6QRDzycy+09555LqOl5nhEUptPoJe1iDHU8oYlrlDw79m4QEbSLPexzsIc8hDRm8YBjLpj4q8EgxQdab+MNd4ghhQ2adIc1+ORAFEnWWfTDRp7GDfImlsIavKALLuqoqMGUCs4wHtagiQ5uc8kDyCOBKlP1k78QNTOZnMXCQRxWsbjl6iuskV41SQG2Gj9rikvcR1WcgKFDBa1LOEUK56hqv8BUFV3SGWkVS9JQ6Dsv4wQ1DKMPORUvkm78BhdQMI1CTa5I0yrcwSFqFD+SZ7DQesIkCG5S\/JpkHYERQRmuNsrZ7Grc+Ef8\/Bcoslkfae8Wc7CUHZ++TuAEBj86pHntjaDKXllPy6PW\/gkKFaThwp\/K87N8hDcQTTKKFTioSxqB8Q2BNX5JtAljwgAAAABJRU5ErkJggg==\" \/><\/a><\/span><\/span><\/p>\n[\/vc_column_text][\/vc_column_inner][\/vc_row_inner][\/vc_column][\/vc_row]\n","protected":false},"excerpt":{"rendered":"<p>[vc_row fullwidth=&#8221;true&#8221; fullwidth_content=&#8221;false&#8221; equal_columns=&#8221;true&#8221; css=&#8221;.vc_custom_1524060682524{padding-top: 20px !important;padding-right: 40px !important;padding-bottom: 20px !important;padding-left: 40px !important;background-image: url(https:\/\/www.checkupunit.chpg.mc\/\/wp-content\/uploads\/2018\/04\/banniere_vide2.jpg?id=11874) !important;background-position: center !important;background-repeat: no-repeat !important;background-size: cover !important;}&#8221;][vc_column][mk_fancy_title color=&#8221;#b1121b&#8221; size=&#8221;34&#8243; txt_transform=&#8221;uppercase&#8221; margin_bottom=&#8221;0&#8243; font_family=&#8221;Raleway&#8221; font_type=&#8221;google&#8221;] Il CHPG Una struttura ospedaliera d\u2019eccellenza [\/mk_fancy_title][\/vc_column][\/vc_row][vc_row css=&#8221;.vc_custom_1519740732551{padding-top: 20px !important;}&#8221;][vc_column width=&#8221;3\/4&#8243;][mk_fancy_title color=&#8221;#b1121b&#8221; size=&#8221;26&#8243; margin_bottom=&#8221;0&#8243; font_family=&#8221;Raleway&#8221; font_type=&#8221;google&#8221;]Un polo di prevenzione e di cure eccezionale [\/mk_fancy_title][mk_divider style=&#8221;thick_solid&#8221; divider_width=&#8221;custom_width&#8221; custom_width=&#8221;90&#8243; align=&#8221;left&#8221; [&hellip;]<\/p>\n","protected":false},"author":11,"featured_media":0,"parent":0,"menu_order":1,"comment_status":"closed","ping_status":"closed","template":"","meta":{"footnotes":""},"class_list":["post-10956","page","type-page","status-publish","hentry"],"yoast_head":"<!-- This site is optimized with the Yoast SEO plugin v27.3 - https:\/\/yoast.com\/product\/yoast-seo-wordpress\/ -->\n<title>Il CHPG, una struttura ospedaliera d\u2019eccellenza - Accueil<\/title>\n<meta name=\"robots\" content=\"index, follow, max-snippet:-1, max-image-preview:large, max-video-preview:-1\" \/>\n<link rel=\"canonical\" href=\"https:\/\/www.checkupunit.chpg.mc\/it\/un-etablissement-dexcellence-2\/\" \/>\n<meta property=\"og:locale\" content=\"it_IT\" \/>\n<meta property=\"og:type\" content=\"article\" \/>\n<meta property=\"og:title\" content=\"Il CHPG, una struttura ospedaliera d\u2019eccellenza - Accueil\" \/>\n<meta property=\"og:description\" content=\"[vc_row fullwidth=&#8221;true&#8221; fullwidth_content=&#8221;false&#8221; equal_columns=&#8221;true&#8221; css=&#8221;.vc_custom_1524060682524{padding-top: 20px !important;padding-right: 40px !important;padding-bottom: 20px !important;padding-left: 40px !important;background-image: url(https:\/\/www.checkupunit.chpg.mc\/\/wp-content\/uploads\/2018\/04\/banniere_vide2.jpg?id=11874) !important;background-position: center !important;background-repeat: no-repeat !important;background-size: cover !important;}&#8221;][vc_column][mk_fancy_title color=&#8221;#b1121b&#8221; size=&#8221;34&#8243; txt_transform=&#8221;uppercase&#8221; margin_bottom=&#8221;0&#8243; font_family=&#8221;Raleway&#8221; font_type=&#8221;google&#8221;] Il CHPG Una struttura ospedaliera d\u2019eccellenza [\/mk_fancy_title][\/vc_column][\/vc_row][vc_row css=&#8221;.vc_custom_1519740732551{padding-top: 20px !important;}&#8221;][vc_column width=&#8221;3\/4&#8243;][mk_fancy_title color=&#8221;#b1121b&#8221; size=&#8221;26&#8243; margin_bottom=&#8221;0&#8243; font_family=&#8221;Raleway&#8221; font_type=&#8221;google&#8221;]Un polo di prevenzione e di cure eccezionale [\/mk_fancy_title][mk_divider style=&#8221;thick_solid&#8221; divider_width=&#8221;custom_width&#8221; custom_width=&#8221;90&#8243; align=&#8221;left&#8221; [&hellip;]\" \/>\n<meta property=\"og:url\" content=\"https:\/\/www.checkupunit.chpg.mc\/it\/un-etablissement-dexcellence-2\/\" \/>\n<meta property=\"og:site_name\" content=\"Accueil\" \/>\n<meta property=\"article:modified_time\" content=\"2020-07-21T10:25:05+00:00\" \/>\n<meta property=\"og:image\" content=\"\" \/>\n<meta name=\"twitter:card\" content=\"summary_large_image\" \/>\n<meta name=\"twitter:label1\" content=\"Tempo di lettura stimato\" \/>\n\t<meta name=\"twitter:data1\" content=\"4 minuti\" \/>\n<script type=\"application\/ld+json\" class=\"yoast-schema-graph\">{\"@context\":\"https:\\\/\\\/schema.org\",\"@graph\":[{\"@type\":\"WebPage\",\"@id\":\"https:\\\/\\\/www.checkupunit.chpg.mc\\\/it\\\/un-etablissement-dexcellence-2\\\/\",\"url\":\"https:\\\/\\\/www.checkupunit.chpg.mc\\\/it\\\/un-etablissement-dexcellence-2\\\/\",\"name\":\"Il CHPG, una struttura ospedaliera d\u2019eccellenza - Accueil\",\"isPartOf\":{\"@id\":\"https:\\\/\\\/www.checkupunit.chpg.mc\\\/#website\"},\"datePublished\":\"2016-02-18T14:05:11+00:00\",\"dateModified\":\"2020-07-21T10:25:05+00:00\",\"breadcrumb\":{\"@id\":\"https:\\\/\\\/www.checkupunit.chpg.mc\\\/it\\\/un-etablissement-dexcellence-2\\\/#breadcrumb\"},\"inLanguage\":\"it-IT\",\"potentialAction\":[{\"@type\":\"ReadAction\",\"target\":[\"https:\\\/\\\/www.checkupunit.chpg.mc\\\/it\\\/un-etablissement-dexcellence-2\\\/\"]}]},{\"@type\":\"BreadcrumbList\",\"@id\":\"https:\\\/\\\/www.checkupunit.chpg.mc\\\/it\\\/un-etablissement-dexcellence-2\\\/#breadcrumb\",\"itemListElement\":[{\"@type\":\"ListItem\",\"position\":1,\"name\":\"Accueil\",\"item\":\"https:\\\/\\\/www.checkupunit.chpg.mc\\\/it\\\/\"},{\"@type\":\"ListItem\",\"position\":2,\"name\":\"Il CHPG, una struttura ospedaliera d\u2019eccellenza\"}]},{\"@type\":\"WebSite\",\"@id\":\"https:\\\/\\\/www.checkupunit.chpg.mc\\\/#website\",\"url\":\"https:\\\/\\\/www.checkupunit.chpg.mc\\\/\",\"name\":\"Accueil\",\"description\":\"\",\"potentialAction\":[{\"@type\":\"SearchAction\",\"target\":{\"@type\":\"EntryPoint\",\"urlTemplate\":\"https:\\\/\\\/www.checkupunit.chpg.mc\\\/?s={search_term_string}\"},\"query-input\":{\"@type\":\"PropertyValueSpecification\",\"valueRequired\":true,\"valueName\":\"search_term_string\"}}],\"inLanguage\":\"it-IT\"}]}<\/script>\n<!-- \/ Yoast SEO plugin. -->","yoast_head_json":{"title":"Il CHPG, una struttura ospedaliera d\u2019eccellenza - Accueil","robots":{"index":"index","follow":"follow","max-snippet":"max-snippet:-1","max-image-preview":"max-image-preview:large","max-video-preview":"max-video-preview:-1"},"canonical":"https:\/\/www.checkupunit.chpg.mc\/it\/un-etablissement-dexcellence-2\/","og_locale":"it_IT","og_type":"article","og_title":"Il CHPG, una struttura ospedaliera d\u2019eccellenza - Accueil","og_description":"[vc_row fullwidth=&#8221;true&#8221; fullwidth_content=&#8221;false&#8221; equal_columns=&#8221;true&#8221; css=&#8221;.vc_custom_1524060682524{padding-top: 20px !important;padding-right: 40px !important;padding-bottom: 20px !important;padding-left: 40px !important;background-image: url(https:\/\/www.checkupunit.chpg.mc\/\/wp-content\/uploads\/2018\/04\/banniere_vide2.jpg?id=11874) !important;background-position: center !important;background-repeat: no-repeat !important;background-size: cover !important;}&#8221;][vc_column][mk_fancy_title color=&#8221;#b1121b&#8221; size=&#8221;34&#8243; txt_transform=&#8221;uppercase&#8221; margin_bottom=&#8221;0&#8243; font_family=&#8221;Raleway&#8221; font_type=&#8221;google&#8221;] Il CHPG Una struttura ospedaliera d\u2019eccellenza [\/mk_fancy_title][\/vc_column][\/vc_row][vc_row css=&#8221;.vc_custom_1519740732551{padding-top: 20px !important;}&#8221;][vc_column width=&#8221;3\/4&#8243;][mk_fancy_title color=&#8221;#b1121b&#8221; size=&#8221;26&#8243; margin_bottom=&#8221;0&#8243; font_family=&#8221;Raleway&#8221; font_type=&#8221;google&#8221;]Un polo di prevenzione e di cure eccezionale [\/mk_fancy_title][mk_divider style=&#8221;thick_solid&#8221; divider_width=&#8221;custom_width&#8221; custom_width=&#8221;90&#8243; align=&#8221;left&#8221; [&hellip;]","og_url":"https:\/\/www.checkupunit.chpg.mc\/it\/un-etablissement-dexcellence-2\/","og_site_name":"Accueil","article_modified_time":"2020-07-21T10:25:05+00:00","og_image":[{"url":"data:image\/png;base64,iVBORw0KGgoAAAANSUhEUgAAABAAAAAQCAYAAAAf8\/9hAAABcklEQVR4XpXTPUvDUBTH4aR2c2hBQXGpTiIORhBcBOvgYKf0Awi+4Ggr1MVPIIrYdnEpShddHIyLi6AVXVxsRRDRwbi4KNgu4lCIv8i\/i6QRDzycy+09555LqOl5nhEUptPoJe1iDHU8oYlrlDw79m4QEbSLPexzsIc8hDRm8YBjLpj4q8EgxQdab+MNd4ghhQ2adIc1+ORAFEnWWfTDRp7GDfImlsIavKALLuqoqMGUCs4wHtagiQ5uc8kDyCOBKlP1k78QNTOZnMXCQRxWsbjl6iuskV41SQG2Gj9rikvcR1WcgKFDBa1LOEUK56hqv8BUFV3SGWkVS9JQ6Dsv4wQ1DKMPORUvkm78BhdQMI1CTa5I0yrcwSFqFD+SZ7DQesIkCG5S\/JpkHYERQRmuNsrZ7Grc+Ef8\/Bcoslkfae8Wc7CUHZ++TuAEBj86pHntjaDKXllPy6PW\/gkKFaThwp\/K87N8hDcQTTKKFTioSxqB8Q2BNX5JtAljwgAAAABJRU5ErkJggg==","type":"","width":"","height":""}],"twitter_card":"summary_large_image","twitter_misc":{"Tempo di lettura stimato":"4 minuti"},"schema":{"@context":"https:\/\/schema.org","@graph":[{"@type":"WebPage","@id":"https:\/\/www.checkupunit.chpg.mc\/it\/un-etablissement-dexcellence-2\/","url":"https:\/\/www.checkupunit.chpg.mc\/it\/un-etablissement-dexcellence-2\/","name":"Il CHPG, una struttura ospedaliera d\u2019eccellenza - Accueil","isPartOf":{"@id":"https:\/\/www.checkupunit.chpg.mc\/#website"},"datePublished":"2016-02-18T14:05:11+00:00","dateModified":"2020-07-21T10:25:05+00:00","breadcrumb":{"@id":"https:\/\/www.checkupunit.chpg.mc\/it\/un-etablissement-dexcellence-2\/#breadcrumb"},"inLanguage":"it-IT","potentialAction":[{"@type":"ReadAction","target":["https:\/\/www.checkupunit.chpg.mc\/it\/un-etablissement-dexcellence-2\/"]}]},{"@type":"BreadcrumbList","@id":"https:\/\/www.checkupunit.chpg.mc\/it\/un-etablissement-dexcellence-2\/#breadcrumb","itemListElement":[{"@type":"ListItem","position":1,"name":"Accueil","item":"https:\/\/www.checkupunit.chpg.mc\/it\/"},{"@type":"ListItem","position":2,"name":"Il CHPG, una struttura ospedaliera d\u2019eccellenza"}]},{"@type":"WebSite","@id":"https:\/\/www.checkupunit.chpg.mc\/#website","url":"https:\/\/www.checkupunit.chpg.mc\/","name":"Accueil","description":"","potentialAction":[{"@type":"SearchAction","target":{"@type":"EntryPoint","urlTemplate":"https:\/\/www.checkupunit.chpg.mc\/?s={search_term_string}"},"query-input":{"@type":"PropertyValueSpecification","valueRequired":true,"valueName":"search_term_string"}}],"inLanguage":"it-IT"}]}},"_links":{"self":[{"href":"https:\/\/www.checkupunit.chpg.mc\/it\/wp-json\/wp\/v2\/pages\/10956","targetHints":{"allow":["GET"]}}],"collection":[{"href":"https:\/\/www.checkupunit.chpg.mc\/it\/wp-json\/wp\/v2\/pages"}],"about":[{"href":"https:\/\/www.checkupunit.chpg.mc\/it\/wp-json\/wp\/v2\/types\/page"}],"author":[{"embeddable":true,"href":"https:\/\/www.checkupunit.chpg.mc\/it\/wp-json\/wp\/v2\/users\/11"}],"replies":[{"embeddable":true,"href":"https:\/\/www.checkupunit.chpg.mc\/it\/wp-json\/wp\/v2\/comments?post=10956"}],"version-history":[{"count":19,"href":"https:\/\/www.checkupunit.chpg.mc\/it\/wp-json\/wp\/v2\/pages\/10956\/revisions"}],"predecessor-version":[{"id":12580,"href":"https:\/\/www.checkupunit.chpg.mc\/it\/wp-json\/wp\/v2\/pages\/10956\/revisions\/12580"}],"wp:attachment":[{"href":"https:\/\/www.checkupunit.chpg.mc\/it\/wp-json\/wp\/v2\/media?parent=10956"}],"curies":[{"name":"wp","href":"https:\/\/api.w.org\/{rel}","templated":true}]}}