{"id":10954,"date":"2016-02-18T14:08:33","date_gmt":"2016-02-18T14:08:33","guid":{"rendered":"http:\/\/chpgunitepreprod.neptune.cdigital.fr\/monaco-une-destination-dexception\/?lang=it"},"modified":"2020-07-21T10:25:33","modified_gmt":"2020-07-21T10:25:33","slug":"monaco-une-destination-dexception","status":"publish","type":"page","link":"https:\/\/www.checkupunit.chpg.mc\/it\/monaco-une-destination-dexception\/","title":{"rendered":"Montecarlo, meta d\u2019eccezione"},"content":{"rendered":"[vc_row fullwidth=&#8221;true&#8221; fullwidth_content=&#8221;false&#8221; equal_columns=&#8221;true&#8221; css=&#8221;.vc_custom_1524060698455{padding-top: 20px !important;padding-right: 40px !important;padding-bottom: 20px !important;padding-left: 40px !important;background-image: url(https:\/\/www.checkupunit.chpg.mc\/\/wp-content\/uploads\/2018\/04\/banniere_vide2.jpg?id=11874) !important;background-position: center !important;background-repeat: no-repeat !important;background-size: cover !important;}&#8221;][vc_column][mk_fancy_title color=&#8221;#b1121b&#8221; size=&#8221;34&#8243; txt_transform=&#8221;uppercase&#8221; margin_bottom=&#8221;0&#8243; font_family=&#8221;Raleway&#8221; font_type=&#8221;google&#8221;]\n<p style=\"text-align: left;\"><span style=\"color: #b1121b;\">Monte Carlo<\/span><\/p>\n<p><span style=\"color: #b1121b;\"><strong style=\"color: #b1121b;\">Meta d&#8217;eccezione<\/strong><\/span><\/p>\n[\/mk_fancy_title][\/vc_column][\/vc_row][vc_row css=&#8221;.vc_custom_1519740902924{padding-top: 20px !important;}&#8221;][vc_column width=&#8221;3\/4&#8243;][mk_fancy_title color=&#8221;#b1121b&#8221; size=&#8221;26&#8243; margin_bottom=&#8221;0&#8243; font_family=&#8221;Raleway&#8221; font_type=&#8221;google&#8221;]\n<p>Un gioiello nel cuore della Riviera<\/p>\n[\/mk_fancy_title][mk_divider style=&#8221;thick_solid&#8221; divider_width=&#8221;custom_width&#8221; custom_width=&#8221;90&#8243; align=&#8221;left&#8221; border_color=&#8221;#b1121b&#8221; margin_top=&#8221;0&#8243;][vc_single_image image=&#8221;10729&#8243; img_size=&#8221;full&#8221;][vc_column_text css=&#8221;.vc_custom_1531814512113{margin-bottom: 0px !important;}&#8221;]L\u2019offerta di check-up, il supporto di un Centro Ospedaliero di livello internazionale, una qualit\u00e0 di comfort eccezionale sono elementi essenziali per scegliere Monaco Princess Grace Check-up Unit. Ma ci\u00f2 che nessun\u2019altra struttura potr\u00e0 mai offrire \u00e8 la straordinaria cornice in cui \u00e8 incastonata la nostra unit\u00e0: Montecarlo.<\/p>\n<p><strong>Montecarlo, meta privilegiata e d\u2019eccezione<\/strong><\/p>\n<ul>\n<li>Montecarlo, destinazione di prim\u2019ordine, incastonata tra il mare e la montagna, con un clima mediterraneo eccezionale.<\/li>\n<\/ul>\n<ul>\n<li>Montecarlo, meta privilegiata per le personalit\u00e0 di tutto il mondo, che ne apprezzano l\u2019arte del vivere, la discrezione loro garantita, la qualit\u00e0 delle prestazioni e delle infrastrutture proposte.<\/li>\n<\/ul>\n<ul>\n<li>Montecarlo, luogo di villeggiatura esclusivo, con i suoi palace ed i suoi hotel di fama internazionale.<\/li>\n<\/ul>\n<ul>\n<li>Montecarlo, meta gastronomica, con le sue tavole d\u2019eccezione dirette dai pi\u00f9 grandi chef del mondo.<\/li>\n<\/ul>\n<ul>\n<li>Montecarlo, sinonimo di relax, benessere e di eventi sportivi e culturali di portata internazionale.<\/li>\n<\/ul>\n<ul>\n<li>Montecarlo, tempio dei divertimenti: casin\u00f2, discoteche animate dai migliori DJ internazionali.<\/li>\n<\/ul>\n<ul>\n<li>Montecarlo, citt\u00e0 di cultura: opera, concerti filarmonici, teatro, balletti, ecc.<\/li>\n<\/ul>\n<ul>\n<li>Montecarlo, destinazione facilmente raggiungibile da qualsiasi parte del mondo, grazie alla vicinanza immediata dell\u2019Aeroporto Internazionale Nice C\u00f4te d\u2019Azur, collegato al Principato in elicottero, in provenienza da oltre 100 paesi.<\/li>\n<\/ul>\n<ul>\n<li>Montecarlo, meta privilegiata per vivere in tutta sicurezza, grazie ad una presenza di polizia capillare e ad un sistema di videosorveglianza H24 su tutto il territorio.<\/li>\n<\/ul>\n<p><a href=\"https:\/\/www.checkupunit.chpg.mc\/wp-content\/uploads\/2016\/02\/bandeau2.png\"><img loading=\"lazy\" decoding=\"async\" class=\"aligncenter wp-image-10728 size-full\" src=\"https:\/\/www.checkupunit.chpg.mc\/wp-content\/uploads\/2016\/02\/bandeau2.png\" alt=\"bandeau2\" width=\"843\" height=\"308\" srcset=\"https:\/\/www.checkupunit.chpg.mc\/wp-content\/uploads\/2016\/02\/bandeau2.png 843w, https:\/\/www.checkupunit.chpg.mc\/wp-content\/uploads\/2016\/02\/bandeau2-600x219.png 600w, https:\/\/www.checkupunit.chpg.mc\/wp-content\/uploads\/2016\/02\/bandeau2-555x203.png 555w, https:\/\/www.checkupunit.chpg.mc\/wp-content\/uploads\/2016\/02\/bandeau2-360x132.png 360w, https:\/\/www.checkupunit.chpg.mc\/wp-content\/uploads\/2016\/02\/bandeau2-262x96.png 262w\" sizes=\"auto, (max-width: 843px) 100vw, 843px\" \/><\/a>[\/vc_column_text][\/vc_column][vc_column width=&#8221;1\/4&#8243;][vc_widget_sidebar sidebar_id=&#8221;sidebar-2&#8243; el_class=&#8221;bloc-widget&#8221;][\/vc_column][\/vc_row][vc_row fullwidth=&#8221;true&#8221; fullwidth_content=&#8221;false&#8221; equal_columns=&#8221;true&#8221; css=&#8221;.vc_custom_1516810797544{padding-top: 40px !important;padding-right: 20px !important;padding-bottom: 40px !important;padding-left: 20px !important;background-image: url(\/wp-content\/uploads\/2018\/01\/fond-acces.jpg?id=11497) !important;background-position: center !important;background-repeat: no-repeat !important;background-size: cover !important;}&#8221;][vc_column][mk_fancy_title color=&#8221;#b1121b&#8221; size=&#8221;34&#8243; margin_bottom=&#8221;0&#8243; font_family=&#8221;Raleway&#8221; font_type=&#8221;google&#8221; align=&#8221;center&#8221;]\n<p style=\"text-align: center;\">Informazioni utili<\/p>\n[\/mk_fancy_title][mk_divider style=&#8221;thick_solid&#8221; divider_width=&#8221;custom_width&#8221; custom_width=&#8221;90&#8243; border_color=&#8221;#b1121b&#8221; margin_top=&#8221;0&#8243;][vc_row_inner][vc_column_inner el_class=&#8221;bloc-infos&#8221; width=&#8221;1\/2&#8243; css=&#8221;.vc_custom_1516812575180{padding-top: 40px !important;padding-right: 40px !important;padding-bottom: 40px !important;padding-left: 40px !important;background-color: rgba(177,18,27,0.9) !important;*background-color: rgb(177,18,27) !important;}&#8221;][vc_column_text css=&#8221;.vc_custom_1531814550474{margin-bottom: 0px !important;}&#8221;]<span style=\"color: #ffffff;\"><strong style=\"color: #ffffff;\">In una cornice eccezionale, sulle colline del Principato, il Centro Ospedaliero Princesse Grace, CHPG, \u00e8 l\u2019unica struttura ospedaliera pubblica del Principato di Monaco. Soddisfa le aspettative sanitarie e sociali della popolazione, garantendo ai pazienti fiducia e sicurezza, grazie alla qualit\u00e0 della sua offerta terapeutica, all\u2019accoglienza personalizzata ed alle prestazioni alberghiere proposte.<\/strong><\/span>[\/vc_column_text][\/vc_column_inner][vc_column_inner el_class=&#8221;bloc-infos&#8221; width=&#8221;1\/2&#8243; css=&#8221;.vc_custom_1516812571354{padding-top: 40px !important;padding-right: 40px !important;padding-bottom: 40px !important;padding-left: 40px !important;background-color: rgba(177,18,27,0.9) !important;*background-color: rgb(177,18,27) !important;}&#8221;][mk_fancy_title tag_name=&#8221;h3&#8243; color=&#8221;#ffffff&#8221; size=&#8221;22&#8243; txt_transform=&#8221;uppercase&#8221; margin_bottom=&#8221;0&#8243; font_family=&#8221;Raleway&#8221; font_type=&#8221;google&#8221; align=&#8221;center&#8221;]\n<p style=\"text-align: center;\">Servizi di Check-up Unit<\/p>\n<p style=\"text-align: center;\">+377 97 98 99 40<\/p>\n[\/mk_fancy_title][mk_divider style=&#8221;thick_solid&#8221; divider_width=&#8221;custom_width&#8221; custom_width=&#8221;40&#8243; border_color=&#8221;#ffffff&#8221; margin_top=&#8221;0&#8243;][vc_column_text el_class=&#8221;info-service&#8221; css=&#8221;.vc_custom_1531814626902{margin-bottom: 0px !important;}&#8221;]\n<p class=\"col-gauche\" style=\"text-align: left;\"><span style=\"color: #ffffff;\"><strong style=\"color: #ffffff;\">Centralino CHPG<\/strong><\/span><br \/>\n<span style=\"color: #ffffff;\">+377 97 98 99 00<\/span><\/p>\n<p class=\"col-droite\" style=\"text-align: left;\"><span style=\"color: #ffffff;\"><strong style=\"color: #ffffff;\">Emergenze adulti<\/strong><\/span><br \/>\n<span style=\"color: #ffffff;\">+377 97 98 97 69<\/span><\/p>\n<p class=\"col-gauche\" style=\"text-align: left;\"><span style=\"color: #ffffff;\"><strong style=\"color: #ffffff;\">Ufficio di entrata<\/strong><\/span><br \/>\n<span style=\"color: #ffffff;\">+377 97 98 98 10<\/span><\/p>\n<p class=\"col-droite\" style=\"text-align: left;\"><span style=\"color: #ffffff;\"><strong style=\"color: #ffffff;\">Emergenze pediatria<\/strong><\/span><br \/>\n<span style=\"color: #ffffff;\">+377 97 98 95 33<\/span><\/p>\n[\/vc_column_text][\/vc_column_inner][\/vc_row_inner][\/vc_column][\/vc_row]\n","protected":false},"excerpt":{"rendered":"<p>[vc_row fullwidth=&#8221;true&#8221; fullwidth_content=&#8221;false&#8221; equal_columns=&#8221;true&#8221; css=&#8221;.vc_custom_1524060698455{padding-top: 20px !important;padding-right: 40px !important;padding-bottom: 20px !important;padding-left: 40px !important;background-image: url(https:\/\/www.checkupunit.chpg.mc\/\/wp-content\/uploads\/2018\/04\/banniere_vide2.jpg?id=11874) !important;background-position: center !important;background-repeat: no-repeat !important;background-size: cover !important;}&#8221;][vc_column][mk_fancy_title color=&#8221;#b1121b&#8221; size=&#8221;34&#8243; txt_transform=&#8221;uppercase&#8221; margin_bottom=&#8221;0&#8243; font_family=&#8221;Raleway&#8221; font_type=&#8221;google&#8221;] Monte Carlo Meta d&#8217;eccezione [\/mk_fancy_title][\/vc_column][\/vc_row][vc_row css=&#8221;.vc_custom_1519740902924{padding-top: 20px !important;}&#8221;][vc_column width=&#8221;3\/4&#8243;][mk_fancy_title color=&#8221;#b1121b&#8221; size=&#8221;26&#8243; margin_bottom=&#8221;0&#8243; font_family=&#8221;Raleway&#8221; font_type=&#8221;google&#8221;] Un gioiello nel cuore della Riviera [\/mk_fancy_title][mk_divider style=&#8221;thick_solid&#8221; divider_width=&#8221;custom_width&#8221; custom_width=&#8221;90&#8243; align=&#8221;left&#8221; border_color=&#8221;#b1121b&#8221; margin_top=&#8221;0&#8243;][vc_single_image image=&#8221;10729&#8243; [&hellip;]<\/p>\n","protected":false},"author":11,"featured_media":0,"parent":0,"menu_order":2,"comment_status":"closed","ping_status":"closed","template":"","meta":{"footnotes":""},"class_list":["post-10954","page","type-page","status-publish","hentry"],"yoast_head":"<!-- This site is optimized with the Yoast SEO plugin v27.3 - https:\/\/yoast.com\/product\/yoast-seo-wordpress\/ -->\n<title>Montecarlo, meta d\u2019eccezione - Accueil<\/title>\n<meta name=\"robots\" content=\"index, follow, max-snippet:-1, max-image-preview:large, max-video-preview:-1\" \/>\n<link rel=\"canonical\" href=\"https:\/\/www.checkupunit.chpg.mc\/it\/monaco-une-destination-dexception\/\" \/>\n<meta property=\"og:locale\" content=\"it_IT\" \/>\n<meta property=\"og:type\" content=\"article\" \/>\n<meta property=\"og:title\" content=\"Montecarlo, meta d\u2019eccezione - Accueil\" \/>\n<meta property=\"og:description\" content=\"[vc_row fullwidth=&#8221;true&#8221; fullwidth_content=&#8221;false&#8221; equal_columns=&#8221;true&#8221; css=&#8221;.vc_custom_1524060698455{padding-top: 20px !important;padding-right: 40px !important;padding-bottom: 20px !important;padding-left: 40px !important;background-image: url(https:\/\/www.checkupunit.chpg.mc\/\/wp-content\/uploads\/2018\/04\/banniere_vide2.jpg?id=11874) !important;background-position: center !important;background-repeat: no-repeat !important;background-size: cover !important;}&#8221;][vc_column][mk_fancy_title color=&#8221;#b1121b&#8221; size=&#8221;34&#8243; txt_transform=&#8221;uppercase&#8221; margin_bottom=&#8221;0&#8243; font_family=&#8221;Raleway&#8221; font_type=&#8221;google&#8221;] Monte Carlo Meta d&#8217;eccezione [\/mk_fancy_title][\/vc_column][\/vc_row][vc_row css=&#8221;.vc_custom_1519740902924{padding-top: 20px !important;}&#8221;][vc_column width=&#8221;3\/4&#8243;][mk_fancy_title color=&#8221;#b1121b&#8221; size=&#8221;26&#8243; margin_bottom=&#8221;0&#8243; font_family=&#8221;Raleway&#8221; font_type=&#8221;google&#8221;] Un gioiello nel cuore della Riviera [\/mk_fancy_title][mk_divider style=&#8221;thick_solid&#8221; divider_width=&#8221;custom_width&#8221; custom_width=&#8221;90&#8243; align=&#8221;left&#8221; border_color=&#8221;#b1121b&#8221; margin_top=&#8221;0&#8243;][vc_single_image image=&#8221;10729&#8243; [&hellip;]\" \/>\n<meta property=\"og:url\" content=\"https:\/\/www.checkupunit.chpg.mc\/it\/monaco-une-destination-dexception\/\" \/>\n<meta property=\"og:site_name\" content=\"Accueil\" \/>\n<meta property=\"article:modified_time\" content=\"2020-07-21T10:25:33+00:00\" \/>\n<meta property=\"og:image\" content=\"https:\/\/www.checkupunit.chpg.mc\/wp-content\/uploads\/2016\/02\/bandeau2.png\" \/>\n<meta name=\"twitter:card\" content=\"summary_large_image\" \/>\n<meta name=\"twitter:label1\" content=\"Tempo di lettura stimato\" \/>\n\t<meta name=\"twitter:data1\" content=\"3 minuti\" \/>\n<script type=\"application\/ld+json\" class=\"yoast-schema-graph\">{\"@context\":\"https:\\\/\\\/schema.org\",\"@graph\":[{\"@type\":\"WebPage\",\"@id\":\"https:\\\/\\\/www.checkupunit.chpg.mc\\\/it\\\/monaco-une-destination-dexception\\\/\",\"url\":\"https:\\\/\\\/www.checkupunit.chpg.mc\\\/it\\\/monaco-une-destination-dexception\\\/\",\"name\":\"Montecarlo, meta d\u2019eccezione - Accueil\",\"isPartOf\":{\"@id\":\"https:\\\/\\\/www.checkupunit.chpg.mc\\\/#website\"},\"primaryImageOfPage\":{\"@id\":\"https:\\\/\\\/www.checkupunit.chpg.mc\\\/it\\\/monaco-une-destination-dexception\\\/#primaryimage\"},\"image\":{\"@id\":\"https:\\\/\\\/www.checkupunit.chpg.mc\\\/it\\\/monaco-une-destination-dexception\\\/#primaryimage\"},\"thumbnailUrl\":\"https:\\\/\\\/www.checkupunit.chpg.mc\\\/wp-content\\\/uploads\\\/2016\\\/02\\\/bandeau2.png\",\"datePublished\":\"2016-02-18T14:08:33+00:00\",\"dateModified\":\"2020-07-21T10:25:33+00:00\",\"breadcrumb\":{\"@id\":\"https:\\\/\\\/www.checkupunit.chpg.mc\\\/it\\\/monaco-une-destination-dexception\\\/#breadcrumb\"},\"inLanguage\":\"it-IT\",\"potentialAction\":[{\"@type\":\"ReadAction\",\"target\":[\"https:\\\/\\\/www.checkupunit.chpg.mc\\\/it\\\/monaco-une-destination-dexception\\\/\"]}]},{\"@type\":\"ImageObject\",\"inLanguage\":\"it-IT\",\"@id\":\"https:\\\/\\\/www.checkupunit.chpg.mc\\\/it\\\/monaco-une-destination-dexception\\\/#primaryimage\",\"url\":\"https:\\\/\\\/www.checkupunit.chpg.mc\\\/wp-content\\\/uploads\\\/2016\\\/02\\\/bandeau2.png\",\"contentUrl\":\"https:\\\/\\\/www.checkupunit.chpg.mc\\\/wp-content\\\/uploads\\\/2016\\\/02\\\/bandeau2.png\"},{\"@type\":\"BreadcrumbList\",\"@id\":\"https:\\\/\\\/www.checkupunit.chpg.mc\\\/it\\\/monaco-une-destination-dexception\\\/#breadcrumb\",\"itemListElement\":[{\"@type\":\"ListItem\",\"position\":1,\"name\":\"Accueil\",\"item\":\"https:\\\/\\\/www.checkupunit.chpg.mc\\\/it\\\/\"},{\"@type\":\"ListItem\",\"position\":2,\"name\":\"Montecarlo, meta d\u2019eccezione\"}]},{\"@type\":\"WebSite\",\"@id\":\"https:\\\/\\\/www.checkupunit.chpg.mc\\\/#website\",\"url\":\"https:\\\/\\\/www.checkupunit.chpg.mc\\\/\",\"name\":\"Accueil\",\"description\":\"\",\"potentialAction\":[{\"@type\":\"SearchAction\",\"target\":{\"@type\":\"EntryPoint\",\"urlTemplate\":\"https:\\\/\\\/www.checkupunit.chpg.mc\\\/?s={search_term_string}\"},\"query-input\":{\"@type\":\"PropertyValueSpecification\",\"valueRequired\":true,\"valueName\":\"search_term_string\"}}],\"inLanguage\":\"it-IT\"}]}<\/script>\n<!-- \/ Yoast SEO plugin. -->","yoast_head_json":{"title":"Montecarlo, meta d\u2019eccezione - Accueil","robots":{"index":"index","follow":"follow","max-snippet":"max-snippet:-1","max-image-preview":"max-image-preview:large","max-video-preview":"max-video-preview:-1"},"canonical":"https:\/\/www.checkupunit.chpg.mc\/it\/monaco-une-destination-dexception\/","og_locale":"it_IT","og_type":"article","og_title":"Montecarlo, meta d\u2019eccezione - Accueil","og_description":"[vc_row fullwidth=&#8221;true&#8221; fullwidth_content=&#8221;false&#8221; equal_columns=&#8221;true&#8221; css=&#8221;.vc_custom_1524060698455{padding-top: 20px !important;padding-right: 40px !important;padding-bottom: 20px !important;padding-left: 40px !important;background-image: url(https:\/\/www.checkupunit.chpg.mc\/\/wp-content\/uploads\/2018\/04\/banniere_vide2.jpg?id=11874) !important;background-position: center !important;background-repeat: no-repeat !important;background-size: cover !important;}&#8221;][vc_column][mk_fancy_title color=&#8221;#b1121b&#8221; size=&#8221;34&#8243; txt_transform=&#8221;uppercase&#8221; margin_bottom=&#8221;0&#8243; font_family=&#8221;Raleway&#8221; font_type=&#8221;google&#8221;] Monte Carlo Meta d&#8217;eccezione [\/mk_fancy_title][\/vc_column][\/vc_row][vc_row css=&#8221;.vc_custom_1519740902924{padding-top: 20px !important;}&#8221;][vc_column width=&#8221;3\/4&#8243;][mk_fancy_title color=&#8221;#b1121b&#8221; size=&#8221;26&#8243; margin_bottom=&#8221;0&#8243; font_family=&#8221;Raleway&#8221; font_type=&#8221;google&#8221;] Un gioiello nel cuore della Riviera [\/mk_fancy_title][mk_divider style=&#8221;thick_solid&#8221; divider_width=&#8221;custom_width&#8221; custom_width=&#8221;90&#8243; align=&#8221;left&#8221; border_color=&#8221;#b1121b&#8221; margin_top=&#8221;0&#8243;][vc_single_image image=&#8221;10729&#8243; [&hellip;]","og_url":"https:\/\/www.checkupunit.chpg.mc\/it\/monaco-une-destination-dexception\/","og_site_name":"Accueil","article_modified_time":"2020-07-21T10:25:33+00:00","og_image":[{"url":"https:\/\/www.checkupunit.chpg.mc\/wp-content\/uploads\/2016\/02\/bandeau2.png","type":"","width":"","height":""}],"twitter_card":"summary_large_image","twitter_misc":{"Tempo di lettura stimato":"3 minuti"},"schema":{"@context":"https:\/\/schema.org","@graph":[{"@type":"WebPage","@id":"https:\/\/www.checkupunit.chpg.mc\/it\/monaco-une-destination-dexception\/","url":"https:\/\/www.checkupunit.chpg.mc\/it\/monaco-une-destination-dexception\/","name":"Montecarlo, meta d\u2019eccezione - Accueil","isPartOf":{"@id":"https:\/\/www.checkupunit.chpg.mc\/#website"},"primaryImageOfPage":{"@id":"https:\/\/www.checkupunit.chpg.mc\/it\/monaco-une-destination-dexception\/#primaryimage"},"image":{"@id":"https:\/\/www.checkupunit.chpg.mc\/it\/monaco-une-destination-dexception\/#primaryimage"},"thumbnailUrl":"https:\/\/www.checkupunit.chpg.mc\/wp-content\/uploads\/2016\/02\/bandeau2.png","datePublished":"2016-02-18T14:08:33+00:00","dateModified":"2020-07-21T10:25:33+00:00","breadcrumb":{"@id":"https:\/\/www.checkupunit.chpg.mc\/it\/monaco-une-destination-dexception\/#breadcrumb"},"inLanguage":"it-IT","potentialAction":[{"@type":"ReadAction","target":["https:\/\/www.checkupunit.chpg.mc\/it\/monaco-une-destination-dexception\/"]}]},{"@type":"ImageObject","inLanguage":"it-IT","@id":"https:\/\/www.checkupunit.chpg.mc\/it\/monaco-une-destination-dexception\/#primaryimage","url":"https:\/\/www.checkupunit.chpg.mc\/wp-content\/uploads\/2016\/02\/bandeau2.png","contentUrl":"https:\/\/www.checkupunit.chpg.mc\/wp-content\/uploads\/2016\/02\/bandeau2.png"},{"@type":"BreadcrumbList","@id":"https:\/\/www.checkupunit.chpg.mc\/it\/monaco-une-destination-dexception\/#breadcrumb","itemListElement":[{"@type":"ListItem","position":1,"name":"Accueil","item":"https:\/\/www.checkupunit.chpg.mc\/it\/"},{"@type":"ListItem","position":2,"name":"Montecarlo, meta d\u2019eccezione"}]},{"@type":"WebSite","@id":"https:\/\/www.checkupunit.chpg.mc\/#website","url":"https:\/\/www.checkupunit.chpg.mc\/","name":"Accueil","description":"","potentialAction":[{"@type":"SearchAction","target":{"@type":"EntryPoint","urlTemplate":"https:\/\/www.checkupunit.chpg.mc\/?s={search_term_string}"},"query-input":{"@type":"PropertyValueSpecification","valueRequired":true,"valueName":"search_term_string"}}],"inLanguage":"it-IT"}]}},"_links":{"self":[{"href":"https:\/\/www.checkupunit.chpg.mc\/it\/wp-json\/wp\/v2\/pages\/10954","targetHints":{"allow":["GET"]}}],"collection":[{"href":"https:\/\/www.checkupunit.chpg.mc\/it\/wp-json\/wp\/v2\/pages"}],"about":[{"href":"https:\/\/www.checkupunit.chpg.mc\/it\/wp-json\/wp\/v2\/types\/page"}],"author":[{"embeddable":true,"href":"https:\/\/www.checkupunit.chpg.mc\/it\/wp-json\/wp\/v2\/users\/11"}],"replies":[{"embeddable":true,"href":"https:\/\/www.checkupunit.chpg.mc\/it\/wp-json\/wp\/v2\/comments?post=10954"}],"version-history":[{"count":11,"href":"https:\/\/www.checkupunit.chpg.mc\/it\/wp-json\/wp\/v2\/pages\/10954\/revisions"}],"predecessor-version":[{"id":12581,"href":"https:\/\/www.checkupunit.chpg.mc\/it\/wp-json\/wp\/v2\/pages\/10954\/revisions\/12581"}],"wp:attachment":[{"href":"https:\/\/www.checkupunit.chpg.mc\/it\/wp-json\/wp\/v2\/media?parent=10954"}],"curies":[{"name":"wp","href":"https:\/\/api.w.org\/{rel}","templated":true}]}}