{"id":10946,"date":"2016-02-25T13:57:53","date_gmt":"2016-02-25T13:57:53","guid":{"rendered":"http:\/\/chpgunitepreprod.neptune.cdigital.fr\/presentation-de-lunite\/?lang=it"},"modified":"2020-07-21T10:25:10","modified_gmt":"2020-07-21T10:25:10","slug":"presentation-de-lunite","status":"publish","type":"page","link":"https:\/\/www.checkupunit.chpg.mc\/it\/presentation-de-lunite\/","title":{"rendered":"Presentazione dell\u2019Unit\u00e0"},"content":{"rendered":"[vc_row fullwidth=&#8221;true&#8221; fullwidth_content=&#8221;false&#8221; equal_columns=&#8221;true&#8221; css=&#8221;.vc_custom_1524060666792{padding-top: 20px !important;padding-right: 40px !important;padding-bottom: 20px !important;padding-left: 40px !important;background-image: url(https:\/\/www.checkupunit.chpg.mc\/\/wp-content\/uploads\/2018\/04\/banniere_vide2.jpg?id=11874) !important;background-position: center !important;background-repeat: no-repeat !important;background-size: cover !important;}&#8221;][vc_column][mk_fancy_title color=&#8221;#b1121b&#8221; size=&#8221;34&#8243; txt_transform=&#8221;uppercase&#8221; margin_bottom=&#8221;0&#8243; font_family=&#8221;Raleway&#8221; font_type=&#8221;google&#8221;]\n<p style=\"text-align: left;\"><span style=\"color: #b1121b;\">Monaco Princess Grace<\/span><\/p>\n<p><span style=\"color: #b1121b;\"><strong style=\"color: #b1121b;\">Check up unit<\/strong><\/span><\/p>\n[\/mk_fancy_title][\/vc_column][\/vc_row][vc_row css=&#8221;.vc_custom_1519740369083{padding-top: 20px !important;}&#8221;][vc_column width=&#8221;3\/4&#8243;][mk_fancy_title color=&#8221;#b1121b&#8221; size=&#8221;22&#8243; txt_transform=&#8221;none&#8221; margin_bottom=&#8221;0&#8243; font_family=&#8221;Raleway&#8221; font_type=&#8221;google&#8221;]\n<p>Come garantire la tutela del bene pi\u00f9 prezioso che \u00e8 la nostra salute?<\/p>\n<p>Come migliorare il nostro benessere e la qualit\u00e0 della vita?<\/p>\n[\/mk_fancy_title][mk_divider style=&#8221;thick_solid&#8221; divider_width=&#8221;custom_width&#8221; custom_width=&#8221;90&#8243; align=&#8221;left&#8221; border_color=&#8221;#b1121b&#8221; margin_top=&#8221;0&#8243;][vc_column_text css=&#8221;.vc_custom_1531755709583{margin-bottom: 0px !important;}&#8221;]Ognuno di noi dispone di un capitale di salute soggetto a fattori di rischio che variano in funzione dell\u2019et\u00e0, del ritmo di vita e delle proprie abitudini. Inoltre, oggigiorno, le personalit\u00e0 maggiormente in vista sono esposte a numerose sollecitazioni e subiscono fattori di stress legati alle loro responsabilit\u00e0 che talvolta possono, senza che ne siano consapevoli, avere conseguenze negative a pi\u00f9 o meno lungo termine sulla salute. Nel corso della vita, alcuni fattori di rischio possono condurre a patologie che \u00e8 opportuno individuare il pi\u00f9 precocemente possibile perch\u00e9 possano essere trattate tempestivamente.<\/p>\n<p>La prima virt\u00f9 di un percorso diagnostico finalizzato ad una valutazione clinica globale \u00e8 la prevenzione. Il check-up, il cui contenuto \u00e8 sempre personalizzato, permette di assumere il controllo del proprio stato di salute, considerando i fattori di rischio, imparando a gestirli meglio, o a correggerli.<\/p>\n<p>Su richiesta personale, o su consiglio di un medico curante, pu\u00f2 essere elaborato specificatamente un protocollo allo scopo di approfondire un aspetto specifico della salute, indagando attorno a una specialit\u00e0 o una combinazione di esami.<\/p>\n<p>Quest\u2019offerta pluridisciplinare personalizzata, che comprende tanto l\u2019insieme dei protocolli diagnostici quanto il successivo follow-up, si fonda sulle competenze di un\u2019\u00e9quipe unica di medici d\u2019alto profilo professionale che si avvale di apparecchiature tecniche di prim\u2019ordine disponibili on-site, presso il Centro Ospedaliero Princesse Grace.<\/p>\n<p><a href=\"https:\/\/www.checkupunit.chpg.mc\/wp-content\/uploads\/2016\/02\/bandeau1.png\"><img loading=\"lazy\" decoding=\"async\" class=\"aligncenter wp-image-10717 size-large\" src=\"https:\/\/www.checkupunit.chpg.mc\/wp-content\/uploads\/2016\/02\/bandeau1-1024x398.png\" alt=\"bandeau1\" width=\"1024\" height=\"398\" srcset=\"https:\/\/www.checkupunit.chpg.mc\/wp-content\/uploads\/2016\/02\/bandeau1-1024x398.png 1024w, https:\/\/www.checkupunit.chpg.mc\/wp-content\/uploads\/2016\/02\/bandeau1-600x233.png 600w, https:\/\/www.checkupunit.chpg.mc\/wp-content\/uploads\/2016\/02\/bandeau1-555x216.png 555w, https:\/\/www.checkupunit.chpg.mc\/wp-content\/uploads\/2016\/02\/bandeau1-360x140.png 360w, https:\/\/www.checkupunit.chpg.mc\/wp-content\/uploads\/2016\/02\/bandeau1-262x102.png 262w, https:\/\/www.checkupunit.chpg.mc\/wp-content\/uploads\/2016\/02\/bandeau1.png 1102w\" sizes=\"auto, (max-width: 1024px) 100vw, 1024px\" \/><\/a><\/p>\n<p><a href=\"https:\/\/www.checkupunit.chpg.mc\/\/wp-content\/uploads\/2016\/02\/F2_5390-HDR.jpg\"><img loading=\"lazy\" decoding=\"async\" class=\"wp-image-11398 size-large aligncenter\" src=\"https:\/\/www.checkupunit.chpg.mc\/\/wp-content\/uploads\/2016\/02\/F2_5390-HDR-1024x683.jpg\" alt=\"\" width=\"1024\" height=\"683\" srcset=\"https:\/\/www.checkupunit.chpg.mc\/wp-content\/uploads\/2016\/02\/F2_5390-HDR-1024x683.jpg 1024w, https:\/\/www.checkupunit.chpg.mc\/wp-content\/uploads\/2016\/02\/F2_5390-HDR-600x400.jpg 600w, https:\/\/www.checkupunit.chpg.mc\/wp-content\/uploads\/2016\/02\/F2_5390-HDR-1140x760.jpg 1140w, https:\/\/www.checkupunit.chpg.mc\/wp-content\/uploads\/2016\/02\/F2_5390-HDR-555x370.jpg 555w, https:\/\/www.checkupunit.chpg.mc\/wp-content\/uploads\/2016\/02\/F2_5390-HDR-360x240.jpg 360w, https:\/\/www.checkupunit.chpg.mc\/wp-content\/uploads\/2016\/02\/F2_5390-HDR-262x175.jpg 262w\" sizes=\"auto, (max-width: 1024px) 100vw, 1024px\" \/><\/a>[\/vc_column_text][\/vc_column][vc_column width=&#8221;1\/4&#8243;][vc_widget_sidebar sidebar_id=&#8221;sidebar-2&#8243; el_class=&#8221;bloc-widget&#8221;][\/vc_column][\/vc_row][vc_row][vc_column][vc_column_text el_class=&#8221;flipbook&#8221; css=&#8221;.vc_custom_1531839197115{margin-bottom: 0px !important;}&#8221;]\n<p style=\"text-align: center;\"><strong>[fliphtml5 id=&#8221;4&#8243;]<\/strong><\/p>\n<p style=\"text-align: center;\"><a href=\"http:\/\/books.chpg.mc\/Contains\/MPGCU_FR\/index.html\" target=\"_blank\" rel=\"noopener noreferrer\">Accedere alla brochure online<\/a><\/p>\n[\/vc_column_text][\/vc_column][\/vc_row][vc_row fullwidth=&#8221;true&#8221; fullwidth_content=&#8221;false&#8221; equal_columns=&#8221;true&#8221; css=&#8221;.vc_custom_1516810797544{padding-top: 40px !important;padding-right: 20px !important;padding-bottom: 40px !important;padding-left: 20px !important;background-image: url(\/wp-content\/uploads\/2018\/01\/fond-acces.jpg?id=11497) !important;background-position: center !important;background-repeat: no-repeat !important;background-size: cover !important;}&#8221;][vc_column][mk_fancy_title color=&#8221;#b1121b&#8221; size=&#8221;34&#8243; margin_bottom=&#8221;0&#8243; font_family=&#8221;Raleway&#8221; font_type=&#8221;google&#8221; align=&#8221;center&#8221;]\n<p style=\"text-align: center;\">Informazioni utili<\/p>\n[\/mk_fancy_title][mk_divider style=&#8221;thick_solid&#8221; divider_width=&#8221;custom_width&#8221; custom_width=&#8221;90&#8243; border_color=&#8221;#b1121b&#8221; margin_top=&#8221;0&#8243;][vc_row_inner][vc_column_inner el_class=&#8221;bloc-infos&#8221; width=&#8221;1\/2&#8243; css=&#8221;.vc_custom_1516812575180{padding-top: 40px !important;padding-right: 40px !important;padding-bottom: 40px !important;padding-left: 40px !important;background-color: rgba(177,18,27,0.9) !important;*background-color: rgb(177,18,27) !important;}&#8221;][vc_column_text css=&#8221;.vc_custom_1531813683229{margin-bottom: 0px !important;}&#8221;]<span style=\"color: #ffffff;\"><strong style=\"color: #ffffff;\">In una cornice eccezionale, sulle colline del Principato, il Centro Ospedaliero Princesse Grace, CHPG, \u00e8 l\u2019unica struttura ospedaliera pubblica del Principato di Monaco. Soddisfa le aspettative sanitarie e sociali della popolazione, garantendo ai pazienti fiducia e sicurezza, grazie alla qualit\u00e0 della sua offerta terapeutica, all\u2019accoglienza personalizzata ed alle prestazioni alberghiere proposte.<\/strong><\/span>[\/vc_column_text][\/vc_column_inner][vc_column_inner el_class=&#8221;bloc-infos&#8221; width=&#8221;1\/2&#8243; css=&#8221;.vc_custom_1516812571354{padding-top: 40px !important;padding-right: 40px !important;padding-bottom: 40px !important;padding-left: 40px !important;background-color: rgba(177,18,27,0.9) !important;*background-color: rgb(177,18,27) !important;}&#8221;][mk_fancy_title tag_name=&#8221;h3&#8243; color=&#8221;#ffffff&#8221; size=&#8221;22&#8243; txt_transform=&#8221;uppercase&#8221; margin_bottom=&#8221;0&#8243; font_family=&#8221;Raleway&#8221; font_type=&#8221;google&#8221; align=&#8221;center&#8221;]\n<p style=\"text-align: center;\">Servizi di Check-up Unit<br \/>\n+377 97 98 99 40<\/p>\n[\/mk_fancy_title][mk_divider style=&#8221;thick_solid&#8221; divider_width=&#8221;custom_width&#8221; custom_width=&#8221;40&#8243; border_color=&#8221;#ffffff&#8221; margin_top=&#8221;0&#8243;][vc_column_text el_class=&#8221;info-service&#8221; css=&#8221;.vc_custom_1531840349382{margin-bottom: 0px !important;}&#8221;]\n<p class=\"col-gauche\" style=\"text-align: left;\"><span style=\"color: #ffffff;\"><strong style=\"color: #ffffff;\">Centralino CHPG<\/strong><\/span><\/p>\n<p><span style=\"color: #ffffff;\">+377 97 98 99 00<\/span><\/p>\n<p class=\"col-droite\" style=\"text-align: left;\"><span style=\"color: #ffffff;\"><strong style=\"color: #ffffff;\">Emergenze adulti<\/strong><\/span><\/p>\n<p><span style=\"color: #ffffff;\">+377 97 98 97 69<\/span><\/p>\n<p class=\"col-gauche\" style=\"text-align: left;\"><span style=\"color: #ffffff;\"><strong style=\"color: #ffffff;\">Ufficio di entrata<\/strong><\/span><\/p>\n<p><span style=\"color: #ffffff;\">+377 97 98 98 10<\/span><\/p>\n<p class=\"col-droite\" style=\"text-align: left;\"><span style=\"color: #ffffff;\"><strong style=\"color: #ffffff;\">Emergenze pediatria<\/strong><\/span><\/p>\n<p><span style=\"color: #ffffff;\">+377 97 98 95 33<\/span><\/p>\n[\/vc_column_text][\/vc_column_inner][\/vc_row_inner][\/vc_column][\/vc_row]\n","protected":false},"excerpt":{"rendered":"<p>[vc_row fullwidth=&#8221;true&#8221; fullwidth_content=&#8221;false&#8221; equal_columns=&#8221;true&#8221; css=&#8221;.vc_custom_1524060666792{padding-top: 20px !important;padding-right: 40px !important;padding-bottom: 20px !important;padding-left: 40px !important;background-image: url(https:\/\/www.checkupunit.chpg.mc\/\/wp-content\/uploads\/2018\/04\/banniere_vide2.jpg?id=11874) !important;background-position: center !important;background-repeat: no-repeat !important;background-size: cover !important;}&#8221;][vc_column][mk_fancy_title color=&#8221;#b1121b&#8221; size=&#8221;34&#8243; txt_transform=&#8221;uppercase&#8221; margin_bottom=&#8221;0&#8243; font_family=&#8221;Raleway&#8221; font_type=&#8221;google&#8221;] Monaco Princess Grace Check up unit [\/mk_fancy_title][\/vc_column][\/vc_row][vc_row css=&#8221;.vc_custom_1519740369083{padding-top: 20px !important;}&#8221;][vc_column width=&#8221;3\/4&#8243;][mk_fancy_title color=&#8221;#b1121b&#8221; size=&#8221;22&#8243; txt_transform=&#8221;none&#8221; margin_bottom=&#8221;0&#8243; font_family=&#8221;Raleway&#8221; font_type=&#8221;google&#8221;] Come garantire la tutela del bene pi\u00f9 prezioso che \u00e8 la [&hellip;]<\/p>\n","protected":false},"author":3,"featured_media":0,"parent":0,"menu_order":0,"comment_status":"closed","ping_status":"closed","template":"","meta":{"footnotes":""},"class_list":["post-10946","page","type-page","status-publish","hentry"],"yoast_head":"<!-- This site is optimized with the Yoast SEO plugin v27.3 - https:\/\/yoast.com\/product\/yoast-seo-wordpress\/ -->\n<title>Presentazione dell\u2019Unit\u00e0 - Accueil<\/title>\n<meta name=\"robots\" content=\"index, follow, max-snippet:-1, max-image-preview:large, max-video-preview:-1\" \/>\n<link rel=\"canonical\" href=\"https:\/\/www.checkupunit.chpg.mc\/it\/presentation-de-lunite\/\" \/>\n<meta property=\"og:locale\" content=\"it_IT\" \/>\n<meta property=\"og:type\" content=\"article\" \/>\n<meta property=\"og:title\" content=\"Presentazione dell\u2019Unit\u00e0 - Accueil\" \/>\n<meta property=\"og:description\" content=\"[vc_row fullwidth=&#8221;true&#8221; fullwidth_content=&#8221;false&#8221; equal_columns=&#8221;true&#8221; css=&#8221;.vc_custom_1524060666792{padding-top: 20px !important;padding-right: 40px !important;padding-bottom: 20px !important;padding-left: 40px !important;background-image: url(https:\/\/www.checkupunit.chpg.mc\/\/wp-content\/uploads\/2018\/04\/banniere_vide2.jpg?id=11874) !important;background-position: center !important;background-repeat: no-repeat !important;background-size: cover !important;}&#8221;][vc_column][mk_fancy_title color=&#8221;#b1121b&#8221; size=&#8221;34&#8243; txt_transform=&#8221;uppercase&#8221; margin_bottom=&#8221;0&#8243; font_family=&#8221;Raleway&#8221; font_type=&#8221;google&#8221;] Monaco Princess Grace Check up unit [\/mk_fancy_title][\/vc_column][\/vc_row][vc_row css=&#8221;.vc_custom_1519740369083{padding-top: 20px !important;}&#8221;][vc_column width=&#8221;3\/4&#8243;][mk_fancy_title color=&#8221;#b1121b&#8221; size=&#8221;22&#8243; txt_transform=&#8221;none&#8221; margin_bottom=&#8221;0&#8243; font_family=&#8221;Raleway&#8221; font_type=&#8221;google&#8221;] Come garantire la tutela del bene pi\u00f9 prezioso che \u00e8 la [&hellip;]\" \/>\n<meta property=\"og:url\" content=\"https:\/\/www.checkupunit.chpg.mc\/it\/presentation-de-lunite\/\" \/>\n<meta property=\"og:site_name\" content=\"Accueil\" \/>\n<meta property=\"article:modified_time\" content=\"2020-07-21T10:25:10+00:00\" \/>\n<meta property=\"og:image\" content=\"https:\/\/www.checkupunit.chpg.mc\/wp-content\/uploads\/2016\/02\/bandeau1-1024x398.png\" \/>\n<meta name=\"twitter:card\" content=\"summary_large_image\" \/>\n<meta name=\"twitter:label1\" content=\"Tempo di lettura stimato\" \/>\n\t<meta name=\"twitter:data1\" content=\"4 minuti\" \/>\n<script type=\"application\/ld+json\" class=\"yoast-schema-graph\">{\"@context\":\"https:\\\/\\\/schema.org\",\"@graph\":[{\"@type\":\"WebPage\",\"@id\":\"https:\\\/\\\/www.checkupunit.chpg.mc\\\/it\\\/presentation-de-lunite\\\/\",\"url\":\"https:\\\/\\\/www.checkupunit.chpg.mc\\\/it\\\/presentation-de-lunite\\\/\",\"name\":\"Presentazione dell\u2019Unit\u00e0 - Accueil\",\"isPartOf\":{\"@id\":\"https:\\\/\\\/www.checkupunit.chpg.mc\\\/#website\"},\"primaryImageOfPage\":{\"@id\":\"https:\\\/\\\/www.checkupunit.chpg.mc\\\/it\\\/presentation-de-lunite\\\/#primaryimage\"},\"image\":{\"@id\":\"https:\\\/\\\/www.checkupunit.chpg.mc\\\/it\\\/presentation-de-lunite\\\/#primaryimage\"},\"thumbnailUrl\":\"https:\\\/\\\/www.checkupunit.chpg.mc\\\/wp-content\\\/uploads\\\/2016\\\/02\\\/bandeau1-1024x398.png\",\"datePublished\":\"2016-02-25T13:57:53+00:00\",\"dateModified\":\"2020-07-21T10:25:10+00:00\",\"breadcrumb\":{\"@id\":\"https:\\\/\\\/www.checkupunit.chpg.mc\\\/it\\\/presentation-de-lunite\\\/#breadcrumb\"},\"inLanguage\":\"it-IT\",\"potentialAction\":[{\"@type\":\"ReadAction\",\"target\":[\"https:\\\/\\\/www.checkupunit.chpg.mc\\\/it\\\/presentation-de-lunite\\\/\"]}]},{\"@type\":\"ImageObject\",\"inLanguage\":\"it-IT\",\"@id\":\"https:\\\/\\\/www.checkupunit.chpg.mc\\\/it\\\/presentation-de-lunite\\\/#primaryimage\",\"url\":\"https:\\\/\\\/www.checkupunit.chpg.mc\\\/wp-content\\\/uploads\\\/2016\\\/02\\\/bandeau1-1024x398.png\",\"contentUrl\":\"https:\\\/\\\/www.checkupunit.chpg.mc\\\/wp-content\\\/uploads\\\/2016\\\/02\\\/bandeau1-1024x398.png\"},{\"@type\":\"BreadcrumbList\",\"@id\":\"https:\\\/\\\/www.checkupunit.chpg.mc\\\/it\\\/presentation-de-lunite\\\/#breadcrumb\",\"itemListElement\":[{\"@type\":\"ListItem\",\"position\":1,\"name\":\"Accueil\",\"item\":\"https:\\\/\\\/www.checkupunit.chpg.mc\\\/it\\\/\"},{\"@type\":\"ListItem\",\"position\":2,\"name\":\"Presentazione dell\u2019Unit\u00e0\"}]},{\"@type\":\"WebSite\",\"@id\":\"https:\\\/\\\/www.checkupunit.chpg.mc\\\/#website\",\"url\":\"https:\\\/\\\/www.checkupunit.chpg.mc\\\/\",\"name\":\"Accueil\",\"description\":\"\",\"potentialAction\":[{\"@type\":\"SearchAction\",\"target\":{\"@type\":\"EntryPoint\",\"urlTemplate\":\"https:\\\/\\\/www.checkupunit.chpg.mc\\\/?s={search_term_string}\"},\"query-input\":{\"@type\":\"PropertyValueSpecification\",\"valueRequired\":true,\"valueName\":\"search_term_string\"}}],\"inLanguage\":\"it-IT\"}]}<\/script>\n<!-- \/ Yoast SEO plugin. -->","yoast_head_json":{"title":"Presentazione dell\u2019Unit\u00e0 - Accueil","robots":{"index":"index","follow":"follow","max-snippet":"max-snippet:-1","max-image-preview":"max-image-preview:large","max-video-preview":"max-video-preview:-1"},"canonical":"https:\/\/www.checkupunit.chpg.mc\/it\/presentation-de-lunite\/","og_locale":"it_IT","og_type":"article","og_title":"Presentazione dell\u2019Unit\u00e0 - Accueil","og_description":"[vc_row fullwidth=&#8221;true&#8221; fullwidth_content=&#8221;false&#8221; equal_columns=&#8221;true&#8221; css=&#8221;.vc_custom_1524060666792{padding-top: 20px !important;padding-right: 40px !important;padding-bottom: 20px !important;padding-left: 40px !important;background-image: url(https:\/\/www.checkupunit.chpg.mc\/\/wp-content\/uploads\/2018\/04\/banniere_vide2.jpg?id=11874) !important;background-position: center !important;background-repeat: no-repeat !important;background-size: cover !important;}&#8221;][vc_column][mk_fancy_title color=&#8221;#b1121b&#8221; size=&#8221;34&#8243; txt_transform=&#8221;uppercase&#8221; margin_bottom=&#8221;0&#8243; font_family=&#8221;Raleway&#8221; font_type=&#8221;google&#8221;] Monaco Princess Grace Check up unit [\/mk_fancy_title][\/vc_column][\/vc_row][vc_row css=&#8221;.vc_custom_1519740369083{padding-top: 20px !important;}&#8221;][vc_column width=&#8221;3\/4&#8243;][mk_fancy_title color=&#8221;#b1121b&#8221; size=&#8221;22&#8243; txt_transform=&#8221;none&#8221; margin_bottom=&#8221;0&#8243; font_family=&#8221;Raleway&#8221; font_type=&#8221;google&#8221;] Come garantire la tutela del bene pi\u00f9 prezioso che \u00e8 la [&hellip;]","og_url":"https:\/\/www.checkupunit.chpg.mc\/it\/presentation-de-lunite\/","og_site_name":"Accueil","article_modified_time":"2020-07-21T10:25:10+00:00","og_image":[{"url":"https:\/\/www.checkupunit.chpg.mc\/wp-content\/uploads\/2016\/02\/bandeau1-1024x398.png","type":"","width":"","height":""}],"twitter_card":"summary_large_image","twitter_misc":{"Tempo di lettura stimato":"4 minuti"},"schema":{"@context":"https:\/\/schema.org","@graph":[{"@type":"WebPage","@id":"https:\/\/www.checkupunit.chpg.mc\/it\/presentation-de-lunite\/","url":"https:\/\/www.checkupunit.chpg.mc\/it\/presentation-de-lunite\/","name":"Presentazione dell\u2019Unit\u00e0 - Accueil","isPartOf":{"@id":"https:\/\/www.checkupunit.chpg.mc\/#website"},"primaryImageOfPage":{"@id":"https:\/\/www.checkupunit.chpg.mc\/it\/presentation-de-lunite\/#primaryimage"},"image":{"@id":"https:\/\/www.checkupunit.chpg.mc\/it\/presentation-de-lunite\/#primaryimage"},"thumbnailUrl":"https:\/\/www.checkupunit.chpg.mc\/wp-content\/uploads\/2016\/02\/bandeau1-1024x398.png","datePublished":"2016-02-25T13:57:53+00:00","dateModified":"2020-07-21T10:25:10+00:00","breadcrumb":{"@id":"https:\/\/www.checkupunit.chpg.mc\/it\/presentation-de-lunite\/#breadcrumb"},"inLanguage":"it-IT","potentialAction":[{"@type":"ReadAction","target":["https:\/\/www.checkupunit.chpg.mc\/it\/presentation-de-lunite\/"]}]},{"@type":"ImageObject","inLanguage":"it-IT","@id":"https:\/\/www.checkupunit.chpg.mc\/it\/presentation-de-lunite\/#primaryimage","url":"https:\/\/www.checkupunit.chpg.mc\/wp-content\/uploads\/2016\/02\/bandeau1-1024x398.png","contentUrl":"https:\/\/www.checkupunit.chpg.mc\/wp-content\/uploads\/2016\/02\/bandeau1-1024x398.png"},{"@type":"BreadcrumbList","@id":"https:\/\/www.checkupunit.chpg.mc\/it\/presentation-de-lunite\/#breadcrumb","itemListElement":[{"@type":"ListItem","position":1,"name":"Accueil","item":"https:\/\/www.checkupunit.chpg.mc\/it\/"},{"@type":"ListItem","position":2,"name":"Presentazione dell\u2019Unit\u00e0"}]},{"@type":"WebSite","@id":"https:\/\/www.checkupunit.chpg.mc\/#website","url":"https:\/\/www.checkupunit.chpg.mc\/","name":"Accueil","description":"","potentialAction":[{"@type":"SearchAction","target":{"@type":"EntryPoint","urlTemplate":"https:\/\/www.checkupunit.chpg.mc\/?s={search_term_string}"},"query-input":{"@type":"PropertyValueSpecification","valueRequired":true,"valueName":"search_term_string"}}],"inLanguage":"it-IT"}]}},"_links":{"self":[{"href":"https:\/\/www.checkupunit.chpg.mc\/it\/wp-json\/wp\/v2\/pages\/10946","targetHints":{"allow":["GET"]}}],"collection":[{"href":"https:\/\/www.checkupunit.chpg.mc\/it\/wp-json\/wp\/v2\/pages"}],"about":[{"href":"https:\/\/www.checkupunit.chpg.mc\/it\/wp-json\/wp\/v2\/types\/page"}],"author":[{"embeddable":true,"href":"https:\/\/www.checkupunit.chpg.mc\/it\/wp-json\/wp\/v2\/users\/3"}],"replies":[{"embeddable":true,"href":"https:\/\/www.checkupunit.chpg.mc\/it\/wp-json\/wp\/v2\/comments?post=10946"}],"version-history":[{"count":18,"href":"https:\/\/www.checkupunit.chpg.mc\/it\/wp-json\/wp\/v2\/pages\/10946\/revisions"}],"predecessor-version":[{"id":12579,"href":"https:\/\/www.checkupunit.chpg.mc\/it\/wp-json\/wp\/v2\/pages\/10946\/revisions\/12579"}],"wp:attachment":[{"href":"https:\/\/www.checkupunit.chpg.mc\/it\/wp-json\/wp\/v2\/media?parent=10946"}],"curies":[{"name":"wp","href":"https:\/\/api.w.org\/{rel}","templated":true}]}}