{"id":10938,"date":"2016-02-18T13:18:10","date_gmt":"2016-02-18T13:18:10","guid":{"rendered":"http:\/\/chpgunitepreprod.neptune.cdigital.fr\/nos-check-up\/?lang=it"},"modified":"2018-07-17T12:27:10","modified_gmt":"2018-07-17T12:27:10","slug":"nos-check-up","status":"publish","type":"page","link":"https:\/\/www.checkupunit.chpg.mc\/it\/nos-check-up\/","title":{"rendered":"I nostri check-up"},"content":{"rendered":"[vc_row fullwidth=&#8221;true&#8221; fullwidth_content=&#8221;false&#8221; equal_columns=&#8221;true&#8221; css=&#8221;.vc_custom_1524060715862{padding-top: 20px !important;padding-right: 40px !important;padding-bottom: 20px !important;padding-left: 40px !important;background-image: url(https:\/\/www.checkupunit.chpg.mc\/\/wp-content\/uploads\/2018\/04\/banniere_vide2.jpg?id=11874) !important;background-position: center !important;background-repeat: no-repeat !important;background-size: cover !important;}&#8221;][vc_column][mk_fancy_title color=&#8221;#b1121b&#8221; size=&#8221;34&#8243; txt_transform=&#8221;uppercase&#8221; margin_bottom=&#8221;0&#8243; font_family=&#8221;Raleway&#8221; font_type=&#8221;google&#8221;]\n<p style=\"text-align: left;\"><span style=\"color: red;\">Monaco Princess Grace<br \/>\n<strong style=\"color: red;\">Check-up Unit<\/strong><\/span><\/p>\n[\/mk_fancy_title][\/vc_column][\/vc_row][vc_row css=&#8221;.vc_custom_1519741130492{padding-top: 20px !important;}&#8221;][vc_column][mk_fancy_title color=&#8221;#b1121b&#8221; size=&#8221;26&#8243; margin_bottom=&#8221;0&#8243; font_family=&#8221;Raleway&#8221; font_type=&#8221;google&#8221;]Un\u2019offerta esclusiva di check-up completi per preservare il proprio capitale di salute<\/p>\n[\/mk_fancy_title][mk_divider style=&#8221;thick_solid&#8221; divider_width=&#8221;custom_width&#8221; custom_width=&#8221;90&#8243; align=&#8221;left&#8221; border_color=&#8221;#b1121b&#8221; margin_top=&#8221;0&#8243;][vc_column_text css=&#8221;.vc_custom_1531824167521{margin-bottom: 0px !important;}&#8221;]Monaco Princess Grace Check-up Unit fa parte integrante del Centro Ospedaliero Princesse Grace, fiore all\u2019occhiello dell\u2019offerta sanitaria nel Principato di Monaco.<\/p>\n<p>Il nostro centro medico occupa gli ultimi due piani di un edificio moderno. \u00c8 destinato ad accogliere pazienti esigenti, che desiderano o hanno la necessit\u00e0 di effettuare un check-up con discrezione e in un ambiente lussuoso, usufruendo delle competenze mediche delle \u00e9quipe del Centro Ospedaliero Princesse Grace.<\/p>\n<p><strong>Prestazioni personalizzate e d\u2019alta qualit\u00e0 grazie a:<\/strong><\/p>\n<ul>\n<li>Un medico coordinatore dedicato,<\/li>\n<li>Un\u2019unit\u00e0 di luogo e di tempo, che garantisce rapidit\u00e0, puntualit\u00e0, rigore e qualit\u00e0 dell\u2019accoglienza,<\/li>\n<li>Una risposta medica su misura, che usufruisce di tutte le specialit\u00e0 e apparecchiature tecniche del Centro Ospedaliero Princesse Grace,<\/li>\n<li>Una vasta gamma di protocolli clinici, generali o personalizzati, in funzione dell\u2019anamnesi, dei sintomi del paziente e degli auspici del suo medico curante,<\/li>\n<li>Formule di check-up conformi alle buone pratiche mediche e agli standard internazionali di prevenzione,<\/li>\n<li>Esito immediato, comunicato in modo sicuro, su supporti digitalizzati,<\/li>\n<li>La possibilit\u00e0, se necessario, di fornire una risposta terapeutica immediata e sul posto,<\/li>\n<li>La possibilit\u00e0 di realizzare un follow-up personalizzato nell\u2019ambito di consultazioni successive o di un ulteriore check-up.<\/li>\n<\/ul>\n<h2 style=\"font-size: 18px;\"><strong>Un accompagnamento personalizzato e un servizio dedicato all\u2019organizzazione della presa in carico del paziente:<\/strong><\/h2>\n<ul>\n<li>Programmazione della giornata e dei vari appuntamenti con tempi di attesa ridotti al minimo<\/li>\n<li>Espletamento delle formalit\u00e0 amministrative<\/li>\n<li>Prezzo forfettario e simulazione preliminare delle spese per tutti gli esami<\/li>\n<li>All\u2019occorrenza, pu\u00f2 essere garantita la continuit\u00e0 delle cure in caso di patologia cronica che richieda sedute ripetitive, ad esempio: :<\/li>\n<li>\n<ul>\n<li>Emodialisi<\/li>\n<li>Radioterapia<\/li>\n<li>Monitoraggio di pacemaker<\/li>\n<\/ul>\n<\/li>\n<\/ul>\n[\/vc_column_text][\/vc_column][\/vc_row][vc_row css=&#8221;.vc_custom_1526984029756{margin-bottom: 20px !important;padding-top: 20px !important;background-color: #f3f9fb !important;}&#8221;][vc_column][mk_custom_list]<strong>I nostri impegni, i nostri valori<\/strong><\/p>\n<ul>\n<li>Rispetto del segreto medico, nonch\u00e9 della riservatezza e della discrezione sugli appuntamenti.<\/li>\n<li>Rispetto della diversit\u00e0 culturale, della dignit\u00e0 e dei diritti di ogni paziente.<\/li>\n<li>Rispetto dell\u2019etica delle pratiche applicate.<\/li>\n<\/ul>\n[\/mk_custom_list][\/vc_column][\/vc_row][vc_row fullwidth=&#8221;true&#8221; fullwidth_content=&#8221;false&#8221; equal_columns=&#8221;true&#8221; css=&#8221;.vc_custom_1516810797544{padding-top: 40px !important;padding-right: 20px !important;padding-bottom: 40px !important;padding-left: 20px !important;background-image: url(\/wp-content\/uploads\/2018\/01\/fond-acces.jpg?id=11497) !important;background-position: center !important;background-repeat: no-repeat !important;background-size: cover !important;}&#8221;][vc_column][mk_fancy_title color=&#8221;#b1121b&#8221; size=&#8221;34&#8243; margin_bottom=&#8221;0&#8243; font_family=&#8221;Raleway&#8221; font_type=&#8221;google&#8221; align=&#8221;center&#8221;]\n<p style=\"text-align: center;\">Informazioni utili<\/p>\n[\/mk_fancy_title][mk_divider style=&#8221;thick_solid&#8221; divider_width=&#8221;custom_width&#8221; custom_width=&#8221;90&#8243; border_color=&#8221;#b1121b&#8221; margin_top=&#8221;0&#8243;][vc_row_inner][vc_column_inner el_class=&#8221;bloc-infos&#8221; width=&#8221;1\/2&#8243; css=&#8221;.vc_custom_1516812575180{padding-top: 40px !important;padding-right: 40px !important;padding-bottom: 40px !important;padding-left: 40px !important;background-color: rgba(177,18,27,0.9) !important;*background-color: rgb(177,18,27) !important;}&#8221;][vc_column_text css=&#8221;.vc_custom_1531824246578{margin-bottom: 0px !important;}&#8221;]<span style=\"color: #ffffff;\"><strong style=\"color: #ffffff;\">In una cornice eccezionale, sulle colline del Principato, il Centro Ospedaliero Princesse Grace, CHPG, \u00e8 l\u2019unica struttura ospedaliera pubblica del Principato di Monaco. Soddisfa le aspettative sanitarie e sociali della popolazione, garantendo ai pazienti fiducia e sicurezza, grazie alla qualit\u00e0 della sua offerta terapeutica, all\u2019accoglienza personalizzata ed alle prestazioni alberghiere proposte.<\/strong><\/span>[\/vc_column_text][\/vc_column_inner][vc_column_inner el_class=&#8221;bloc-infos&#8221; width=&#8221;1\/2&#8243; css=&#8221;.vc_custom_1516812571354{padding-top: 40px !important;padding-right: 40px !important;padding-bottom: 40px !important;padding-left: 40px !important;background-color: rgba(177,18,27,0.9) !important;*background-color: rgb(177,18,27) !important;}&#8221;][mk_fancy_title tag_name=&#8221;h3&#8243; color=&#8221;#ffffff&#8221; size=&#8221;22&#8243; txt_transform=&#8221;uppercase&#8221; margin_bottom=&#8221;0&#8243; font_family=&#8221;Raleway&#8221; font_type=&#8221;google&#8221; align=&#8221;center&#8221;]\n<p style=\"text-align: center;\">Servizi de Check-up Unit<br \/>\n+377 97 98 77 57<\/p>\n[\/mk_fancy_title][mk_divider style=&#8221;thick_solid&#8221; divider_width=&#8221;custom_width&#8221; custom_width=&#8221;40&#8243; border_color=&#8221;#ffffff&#8221; margin_top=&#8221;0&#8243;][vc_column_text el_class=&#8221;info-service&#8221; css=&#8221;.vc_custom_1531830426330{margin-bottom: 0px !important;}&#8221;]\n<p class=\"col-gauche\" style=\"text-align: left;\"><span style=\"color: #ffffff;\"><strong style=\"color: #ffffff;\">Centralino CHPG<\/strong><\/span><br \/>\n<span style=\"color: #ffffff;\"><span class=\"baec5a81-e4d6-4674-97f3-e9220f0136c1\" style=\"white-space: nowrap;\">+377 97 98 99 00<a style=\"margin: 0px; border: currentColor; left: 0px; top: 0px; width: 16px; height: 16px; right: 0px; bottom: 0px; overflow: hidden; vertical-align: middle; float: none; display: inline; white-space: nowrap; position: static !important;\" title=\"Appeler : +377 97 98 99 00\" href=\"#\"><img decoding=\"async\" style=\"margin: 0px; border: currentColor; left: 0px; top: 0px; width: 16px; height: 16px; right: 0px; bottom: 0px; overflow: hidden; vertical-align: middle; float: none; display: inline; white-space: nowrap; position: static !important;\" title=\"Appeler : +377 97 98 99 00\" src=\"data:image\/png;base64,iVBORw0KGgoAAAANSUhEUgAAABAAAAAQCAYAAAAf8\/9hAAABcklEQVR4XpXTPUvDUBTH4aR2c2hBQXGpTiIORhBcBOvgYKf0Awi+4Ggr1MVPIIrYdnEpShddHIyLi6AVXVxsRRDRwbi4KNgu4lCIv8i\/i6QRDzycy+09555LqOl5nhEUptPoJe1iDHU8oYlrlDw79m4QEbSLPexzsIc8hDRm8YBjLpj4q8EgxQdab+MNd4ghhQ2adIc1+ORAFEnWWfTDRp7GDfImlsIavKALLuqoqMGUCs4wHtagiQ5uc8kDyCOBKlP1k78QNTOZnMXCQRxWsbjl6iuskV41SQG2Gj9rikvcR1WcgKFDBa1LOEUK56hqv8BUFV3SGWkVS9JQ6Dsv4wQ1DKMPORUvkm78BhdQMI1CTa5I0yrcwSFqFD+SZ7DQesIkCG5S\/JpkHYERQRmuNsrZ7Grc+Ef8\/Bcoslkfae8Wc7CUHZ++TuAEBj86pHntjaDKXllPy6PW\/gkKFaThwp\/K87N8hDcQTTKKFTioSxqB8Q2BNX5JtAljwgAAAABJRU5ErkJggg==\" \/><\/a><\/span><\/span><\/p>\n<p class=\"col-droite\" style=\"text-align: left;\"><span style=\"color: #ffffff;\"><strong style=\"color: #ffffff;\">Emergenze adulti<\/strong><\/span><br \/>\n<span style=\"color: #ffffff;\"><span class=\"baec5a81-e4d6-4674-97f3-e9220f0136c1\" style=\"white-space: nowrap;\">+377 97 98 97 69<a style=\"margin: 0px; border: currentColor; left: 0px; top: 0px; width: 16px; height: 16px; right: 0px; bottom: 0px; overflow: hidden; vertical-align: middle; float: none; display: inline; white-space: nowrap; position: static !important;\" title=\"Appeler : +377 97 98 97 69\" href=\"#\"><img decoding=\"async\" style=\"margin: 0px; border: currentColor; left: 0px; top: 0px; width: 16px; height: 16px; right: 0px; bottom: 0px; overflow: hidden; vertical-align: middle; float: none; display: inline; white-space: nowrap; position: static !important;\" title=\"Appeler : +377 97 98 97 69\" src=\"data:image\/png;base64,iVBORw0KGgoAAAANSUhEUgAAABAAAAAQCAYAAAAf8\/9hAAABcklEQVR4XpXTPUvDUBTH4aR2c2hBQXGpTiIORhBcBOvgYKf0Awi+4Ggr1MVPIIrYdnEpShddHIyLi6AVXVxsRRDRwbi4KNgu4lCIv8i\/i6QRDzycy+09555LqOl5nhEUptPoJe1iDHU8oYlrlDw79m4QEbSLPexzsIc8hDRm8YBjLpj4q8EgxQdab+MNd4ghhQ2adIc1+ORAFEnWWfTDRp7GDfImlsIavKALLuqoqMGUCs4wHtagiQ5uc8kDyCOBKlP1k78QNTOZnMXCQRxWsbjl6iuskV41SQG2Gj9rikvcR1WcgKFDBa1LOEUK56hqv8BUFV3SGWkVS9JQ6Dsv4wQ1DKMPORUvkm78BhdQMI1CTa5I0yrcwSFqFD+SZ7DQesIkCG5S\/JpkHYERQRmuNsrZ7Grc+Ef8\/Bcoslkfae8Wc7CUHZ++TuAEBj86pHntjaDKXllPy6PW\/gkKFaThwp\/K87N8hDcQTTKKFTioSxqB8Q2BNX5JtAljwgAAAABJRU5ErkJggg==\" \/><\/a><\/span><\/span><\/p>\n<p class=\"col-gauche\" style=\"text-align: left;\"><span style=\"color: #ffffff;\"><strong style=\"color: #ffffff;\">Ufficio di entrata<\/strong><\/span><br \/>\n<span style=\"color: #ffffff;\">+377 97 98 98 10<\/span><\/p>\n<p class=\"col-droite\" style=\"text-align: left;\"><span style=\"color: #ffffff;\"><strong style=\"color: #ffffff;\">Emergenze pediatria<\/strong><\/span><br \/>\n<span style=\"color: #ffffff;\"><span class=\"baec5a81-e4d6-4674-97f3-e9220f0136c1\" style=\"white-space: nowrap;\">+377 97 98 95 33<a style=\"margin: 0px; border: currentColor; left: 0px; top: 0px; width: 16px; height: 16px; right: 0px; bottom: 0px; overflow: hidden; vertical-align: middle; float: none; display: inline; white-space: nowrap; position: static !important;\" title=\"Appeler : +377 97 98 95 33\" href=\"#\"><img decoding=\"async\" style=\"margin: 0px; border: currentColor; left: 0px; top: 0px; width: 16px; height: 16px; right: 0px; bottom: 0px; overflow: hidden; vertical-align: middle; float: none; display: inline; white-space: nowrap; position: static !important;\" title=\"Appeler : +377 97 98 95 33\" src=\"data:image\/png;base64,iVBORw0KGgoAAAANSUhEUgAAABAAAAAQCAYAAAAf8\/9hAAABcklEQVR4XpXTPUvDUBTH4aR2c2hBQXGpTiIORhBcBOvgYKf0Awi+4Ggr1MVPIIrYdnEpShddHIyLi6AVXVxsRRDRwbi4KNgu4lCIv8i\/i6QRDzycy+09555LqOl5nhEUptPoJe1iDHU8oYlrlDw79m4QEbSLPexzsIc8hDRm8YBjLpj4q8EgxQdab+MNd4ghhQ2adIc1+ORAFEnWWfTDRp7GDfImlsIavKALLuqoqMGUCs4wHtagiQ5uc8kDyCOBKlP1k78QNTOZnMXCQRxWsbjl6iuskV41SQG2Gj9rikvcR1WcgKFDBa1LOEUK56hqv8BUFV3SGWkVS9JQ6Dsv4wQ1DKMPORUvkm78BhdQMI1CTa5I0yrcwSFqFD+SZ7DQesIkCG5S\/JpkHYERQRmuNsrZ7Grc+Ef8\/Bcoslkfae8Wc7CUHZ++TuAEBj86pHntjaDKXllPy6PW\/gkKFaThwp\/K87N8hDcQTTKKFTioSxqB8Q2BNX5JtAljwgAAAABJRU5ErkJggg==\" \/><\/a><\/span><\/span><\/p>\n[\/vc_column_text][\/vc_column_inner][\/vc_row_inner][\/vc_column][\/vc_row]\n","protected":false},"excerpt":{"rendered":"<p>[vc_row fullwidth=&#8221;true&#8221; fullwidth_content=&#8221;false&#8221; equal_columns=&#8221;true&#8221; css=&#8221;.vc_custom_1524060715862{padding-top: 20px !important;padding-right: 40px !important;padding-bottom: 20px !important;padding-left: 40px !important;background-image: url(https:\/\/www.checkupunit.chpg.mc\/\/wp-content\/uploads\/2018\/04\/banniere_vide2.jpg?id=11874) !important;background-position: center !important;background-repeat: no-repeat !important;background-size: cover !important;}&#8221;][vc_column][mk_fancy_title color=&#8221;#b1121b&#8221; size=&#8221;34&#8243; txt_transform=&#8221;uppercase&#8221; margin_bottom=&#8221;0&#8243; font_family=&#8221;Raleway&#8221; font_type=&#8221;google&#8221;] Monaco Princess Grace Check-up Unit [\/mk_fancy_title][\/vc_column][\/vc_row][vc_row css=&#8221;.vc_custom_1519741130492{padding-top: 20px !important;}&#8221;][vc_column][mk_fancy_title color=&#8221;#b1121b&#8221; size=&#8221;26&#8243; margin_bottom=&#8221;0&#8243; font_family=&#8221;Raleway&#8221; font_type=&#8221;google&#8221;]Un\u2019offerta esclusiva di check-up completi per preservare il proprio capitale di salute [\/mk_fancy_title][mk_divider style=&#8221;thick_solid&#8221; divider_width=&#8221;custom_width&#8221; [&hellip;]<\/p>\n","protected":false},"author":11,"featured_media":0,"parent":0,"menu_order":0,"comment_status":"closed","ping_status":"closed","template":"","meta":{"footnotes":""},"class_list":["post-10938","page","type-page","status-publish","hentry"],"yoast_head":"<!-- This site is optimized with the Yoast SEO plugin v27.4 - https:\/\/yoast.com\/product\/yoast-seo-wordpress\/ -->\n<title>I nostri check-up - Accueil<\/title>\n<meta name=\"robots\" content=\"index, follow, max-snippet:-1, max-image-preview:large, max-video-preview:-1\" \/>\n<link rel=\"canonical\" href=\"https:\/\/www.checkupunit.chpg.mc\/it\/nos-check-up\/\" \/>\n<meta property=\"og:locale\" content=\"it_IT\" \/>\n<meta property=\"og:type\" content=\"article\" \/>\n<meta property=\"og:title\" content=\"I nostri check-up - Accueil\" \/>\n<meta property=\"og:description\" content=\"[vc_row fullwidth=&#8221;true&#8221; fullwidth_content=&#8221;false&#8221; equal_columns=&#8221;true&#8221; css=&#8221;.vc_custom_1524060715862{padding-top: 20px !important;padding-right: 40px !important;padding-bottom: 20px !important;padding-left: 40px !important;background-image: url(https:\/\/www.checkupunit.chpg.mc\/\/wp-content\/uploads\/2018\/04\/banniere_vide2.jpg?id=11874) !important;background-position: center !important;background-repeat: no-repeat !important;background-size: cover !important;}&#8221;][vc_column][mk_fancy_title color=&#8221;#b1121b&#8221; size=&#8221;34&#8243; txt_transform=&#8221;uppercase&#8221; margin_bottom=&#8221;0&#8243; font_family=&#8221;Raleway&#8221; font_type=&#8221;google&#8221;] Monaco Princess Grace Check-up Unit [\/mk_fancy_title][\/vc_column][\/vc_row][vc_row css=&#8221;.vc_custom_1519741130492{padding-top: 20px !important;}&#8221;][vc_column][mk_fancy_title color=&#8221;#b1121b&#8221; size=&#8221;26&#8243; margin_bottom=&#8221;0&#8243; font_family=&#8221;Raleway&#8221; font_type=&#8221;google&#8221;]Un\u2019offerta esclusiva di check-up completi per preservare il proprio capitale di salute [\/mk_fancy_title][mk_divider style=&#8221;thick_solid&#8221; divider_width=&#8221;custom_width&#8221; [&hellip;]\" \/>\n<meta property=\"og:url\" content=\"https:\/\/www.checkupunit.chpg.mc\/it\/nos-check-up\/\" \/>\n<meta property=\"og:site_name\" content=\"Accueil\" \/>\n<meta property=\"article:modified_time\" content=\"2018-07-17T12:27:10+00:00\" \/>\n<meta property=\"og:image\" content=\"\" \/>\n<meta name=\"twitter:card\" content=\"summary_large_image\" \/>\n<meta name=\"twitter:label1\" content=\"Tempo di lettura stimato\" \/>\n\t<meta name=\"twitter:data1\" content=\"4 minuti\" \/>\n<script type=\"application\/ld+json\" class=\"yoast-schema-graph\">{\"@context\":\"https:\\\/\\\/schema.org\",\"@graph\":[{\"@type\":\"WebPage\",\"@id\":\"https:\\\/\\\/www.checkupunit.chpg.mc\\\/it\\\/nos-check-up\\\/\",\"url\":\"https:\\\/\\\/www.checkupunit.chpg.mc\\\/it\\\/nos-check-up\\\/\",\"name\":\"I nostri check-up - Accueil\",\"isPartOf\":{\"@id\":\"https:\\\/\\\/www.checkupunit.chpg.mc\\\/#website\"},\"datePublished\":\"2016-02-18T13:18:10+00:00\",\"dateModified\":\"2018-07-17T12:27:10+00:00\",\"breadcrumb\":{\"@id\":\"https:\\\/\\\/www.checkupunit.chpg.mc\\\/it\\\/nos-check-up\\\/#breadcrumb\"},\"inLanguage\":\"it-IT\",\"potentialAction\":[{\"@type\":\"ReadAction\",\"target\":[\"https:\\\/\\\/www.checkupunit.chpg.mc\\\/it\\\/nos-check-up\\\/\"]}]},{\"@type\":\"BreadcrumbList\",\"@id\":\"https:\\\/\\\/www.checkupunit.chpg.mc\\\/it\\\/nos-check-up\\\/#breadcrumb\",\"itemListElement\":[{\"@type\":\"ListItem\",\"position\":1,\"name\":\"Accueil\",\"item\":\"https:\\\/\\\/www.checkupunit.chpg.mc\\\/it\\\/\"},{\"@type\":\"ListItem\",\"position\":2,\"name\":\"I nostri check-up\"}]},{\"@type\":\"WebSite\",\"@id\":\"https:\\\/\\\/www.checkupunit.chpg.mc\\\/#website\",\"url\":\"https:\\\/\\\/www.checkupunit.chpg.mc\\\/\",\"name\":\"Accueil\",\"description\":\"\",\"potentialAction\":[{\"@type\":\"SearchAction\",\"target\":{\"@type\":\"EntryPoint\",\"urlTemplate\":\"https:\\\/\\\/www.checkupunit.chpg.mc\\\/?s={search_term_string}\"},\"query-input\":{\"@type\":\"PropertyValueSpecification\",\"valueRequired\":true,\"valueName\":\"search_term_string\"}}],\"inLanguage\":\"it-IT\"}]}<\/script>\n<!-- \/ Yoast SEO plugin. -->","yoast_head_json":{"title":"I nostri check-up - Accueil","robots":{"index":"index","follow":"follow","max-snippet":"max-snippet:-1","max-image-preview":"max-image-preview:large","max-video-preview":"max-video-preview:-1"},"canonical":"https:\/\/www.checkupunit.chpg.mc\/it\/nos-check-up\/","og_locale":"it_IT","og_type":"article","og_title":"I nostri check-up - Accueil","og_description":"[vc_row fullwidth=&#8221;true&#8221; fullwidth_content=&#8221;false&#8221; equal_columns=&#8221;true&#8221; css=&#8221;.vc_custom_1524060715862{padding-top: 20px !important;padding-right: 40px !important;padding-bottom: 20px !important;padding-left: 40px !important;background-image: url(https:\/\/www.checkupunit.chpg.mc\/\/wp-content\/uploads\/2018\/04\/banniere_vide2.jpg?id=11874) !important;background-position: center !important;background-repeat: no-repeat !important;background-size: cover !important;}&#8221;][vc_column][mk_fancy_title color=&#8221;#b1121b&#8221; size=&#8221;34&#8243; txt_transform=&#8221;uppercase&#8221; margin_bottom=&#8221;0&#8243; font_family=&#8221;Raleway&#8221; font_type=&#8221;google&#8221;] Monaco Princess Grace Check-up Unit [\/mk_fancy_title][\/vc_column][\/vc_row][vc_row css=&#8221;.vc_custom_1519741130492{padding-top: 20px !important;}&#8221;][vc_column][mk_fancy_title color=&#8221;#b1121b&#8221; size=&#8221;26&#8243; margin_bottom=&#8221;0&#8243; font_family=&#8221;Raleway&#8221; font_type=&#8221;google&#8221;]Un\u2019offerta esclusiva di check-up completi per preservare il proprio capitale di salute [\/mk_fancy_title][mk_divider style=&#8221;thick_solid&#8221; divider_width=&#8221;custom_width&#8221; [&hellip;]","og_url":"https:\/\/www.checkupunit.chpg.mc\/it\/nos-check-up\/","og_site_name":"Accueil","article_modified_time":"2018-07-17T12:27:10+00:00","og_image":[{"url":"data:image\/png;base64,iVBORw0KGgoAAAANSUhEUgAAABAAAAAQCAYAAAAf8\/9hAAABcklEQVR4XpXTPUvDUBTH4aR2c2hBQXGpTiIORhBcBOvgYKf0Awi+4Ggr1MVPIIrYdnEpShddHIyLi6AVXVxsRRDRwbi4KNgu4lCIv8i\/i6QRDzycy+09555LqOl5nhEUptPoJe1iDHU8oYlrlDw79m4QEbSLPexzsIc8hDRm8YBjLpj4q8EgxQdab+MNd4ghhQ2adIc1+ORAFEnWWfTDRp7GDfImlsIavKALLuqoqMGUCs4wHtagiQ5uc8kDyCOBKlP1k78QNTOZnMXCQRxWsbjl6iuskV41SQG2Gj9rikvcR1WcgKFDBa1LOEUK56hqv8BUFV3SGWkVS9JQ6Dsv4wQ1DKMPORUvkm78BhdQMI1CTa5I0yrcwSFqFD+SZ7DQesIkCG5S\/JpkHYERQRmuNsrZ7Grc+Ef8\/Bcoslkfae8Wc7CUHZ++TuAEBj86pHntjaDKXllPy6PW\/gkKFaThwp\/K87N8hDcQTTKKFTioSxqB8Q2BNX5JtAljwgAAAABJRU5ErkJggg==","type":"","width":"","height":""}],"twitter_card":"summary_large_image","twitter_misc":{"Tempo di lettura stimato":"4 minuti"},"schema":{"@context":"https:\/\/schema.org","@graph":[{"@type":"WebPage","@id":"https:\/\/www.checkupunit.chpg.mc\/it\/nos-check-up\/","url":"https:\/\/www.checkupunit.chpg.mc\/it\/nos-check-up\/","name":"I nostri check-up - Accueil","isPartOf":{"@id":"https:\/\/www.checkupunit.chpg.mc\/#website"},"datePublished":"2016-02-18T13:18:10+00:00","dateModified":"2018-07-17T12:27:10+00:00","breadcrumb":{"@id":"https:\/\/www.checkupunit.chpg.mc\/it\/nos-check-up\/#breadcrumb"},"inLanguage":"it-IT","potentialAction":[{"@type":"ReadAction","target":["https:\/\/www.checkupunit.chpg.mc\/it\/nos-check-up\/"]}]},{"@type":"BreadcrumbList","@id":"https:\/\/www.checkupunit.chpg.mc\/it\/nos-check-up\/#breadcrumb","itemListElement":[{"@type":"ListItem","position":1,"name":"Accueil","item":"https:\/\/www.checkupunit.chpg.mc\/it\/"},{"@type":"ListItem","position":2,"name":"I nostri check-up"}]},{"@type":"WebSite","@id":"https:\/\/www.checkupunit.chpg.mc\/#website","url":"https:\/\/www.checkupunit.chpg.mc\/","name":"Accueil","description":"","potentialAction":[{"@type":"SearchAction","target":{"@type":"EntryPoint","urlTemplate":"https:\/\/www.checkupunit.chpg.mc\/?s={search_term_string}"},"query-input":{"@type":"PropertyValueSpecification","valueRequired":true,"valueName":"search_term_string"}}],"inLanguage":"it-IT"}]}},"_links":{"self":[{"href":"https:\/\/www.checkupunit.chpg.mc\/it\/wp-json\/wp\/v2\/pages\/10938","targetHints":{"allow":["GET"]}}],"collection":[{"href":"https:\/\/www.checkupunit.chpg.mc\/it\/wp-json\/wp\/v2\/pages"}],"about":[{"href":"https:\/\/www.checkupunit.chpg.mc\/it\/wp-json\/wp\/v2\/types\/page"}],"author":[{"embeddable":true,"href":"https:\/\/www.checkupunit.chpg.mc\/it\/wp-json\/wp\/v2\/users\/11"}],"replies":[{"embeddable":true,"href":"https:\/\/www.checkupunit.chpg.mc\/it\/wp-json\/wp\/v2\/comments?post=10938"}],"version-history":[{"count":12,"href":"https:\/\/www.checkupunit.chpg.mc\/it\/wp-json\/wp\/v2\/pages\/10938\/revisions"}],"predecessor-version":[{"id":12197,"href":"https:\/\/www.checkupunit.chpg.mc\/it\/wp-json\/wp\/v2\/pages\/10938\/revisions\/12197"}],"wp:attachment":[{"href":"https:\/\/www.checkupunit.chpg.mc\/it\/wp-json\/wp\/v2\/media?parent=10938"}],"curies":[{"name":"wp","href":"https:\/\/api.w.org\/{rel}","templated":true}]}}