{"id":11290,"date":"2016-06-28T13:00:28","date_gmt":"2016-06-28T13:00:28","guid":{"rendered":"http:\/\/chpgunitepreprod.neptune.cdigital.fr\/?page_id=11290&#038;lang=es"},"modified":"2018-09-17T13:30:59","modified_gmt":"2018-09-17T13:30:59","slug":"document","status":"publish","type":"page","link":"https:\/\/www.checkupunit.chpg.mc\/es\/document\/","title":{"rendered":"Document"},"content":{"rendered":"[vc_row][vc_column][mk_fancy_title color=\u00bb#b1121b\u00bb size=\u00bb26&#8243; margin_bottom=\u00bb0&#8243; font_family=\u00bbRaleway\u00bb font_type=\u00bbgoogle\u00bb]Un centro excepcional en M\u00f3naco donde revisar su salud[\/mk_fancy_title][mk_divider style=\u00bbthick_solid\u00bb divider_width=\u00bbcustom_width\u00bb custom_width=\u00bb90&#8243; align=\u00bbleft\u00bb border_color=\u00bb#b1121b\u00bb margin_top=\u00bb0&#8243;][vc_column_text css=\u00bb.vc_custom_1537191054356{margin-bottom: 0px !important;}\u00bb]Monaco Princess Grace Check-up Unit responde a las necesidades de los m\u00e1s exigentes, en cuanto a la experiencia m\u00e9dica, el asesoramiento personalizado, la prevenci\u00f3n y la calidad de recepci\u00f3n.<\/p>\n<p>Nuestro Centro Hospitalario Princesa Grace, que recibi\u00f3 en 2015 la mayor distinci\u00f3n en certificaciones de salud, le propone revisiones a medida en un marco excepcional, en el coraz\u00f3n de la Riviera, M\u00f3naco.<\/p>\n<p>Le invitamos a que descubra, en estas p\u00e1ginas, la incomparable calidad de nuestras revisiones. Para m\u00e1s informaci\u00f3n o si quiere un acompa\u00f1amiento personalizado, puede contactarnos a trav\u00e9s de las coordenadas que aparecen al final de este folleto.[\/vc_column_text][vc_row_inner][vc_column_inner width=\u00bb1\/4&#8243;][\/vc_column_inner][vc_column_inner width=\u00bb1\/2&#8243;][vc_column_text css=\u00bb.vc_custom_1531822204687{margin-bottom: 0px !important;}\u00bb]<a href=\"http:\/\/books.chpg.mc\/Contains\/MPGCU_ESP\/\" target=\"_blank\" rel=\"noopener\"><img loading=\"lazy\" decoding=\"async\" class=\"aligncenter wp-image-11276 size-full\" src=\"https:\/\/www.checkupunit.chpg.mc\/\/wp-content\/uploads\/2016\/05\/bloc_pdf1.jpg\" alt=\"bloc_pdf1\" width=\"309\" height=\"184\" srcset=\"https:\/\/www.checkupunit.chpg.mc\/wp-content\/uploads\/2016\/05\/bloc_pdf1.jpg 309w, https:\/\/www.checkupunit.chpg.mc\/wp-content\/uploads\/2016\/05\/bloc_pdf1-262x156.jpg 262w\" sizes=\"auto, (max-width: 309px) 100vw, 309px\" \/><\/a><\/p>\n<h3>Presente<\/h3>\n<p>Monaco Princess Grace Check-up Unit\u00a0propone una completa gama de revisiones\u00a0tem\u00e1ticas y generales. Sobre esta base,\u00a0se ha realizado un estudio personalizado\u00a0de las caracter\u00edsticas cl\u00ednicas que permiten realizar\u00a0de manera privilegiada revisiones a medida.<\/p>\n<div class=\"btn-alignement\">\n<div class=\"download_btn\"><a href=\"http:\/\/books.chpg.mc\/Contains\/MPGCU_ESP\/\" target=\"_blank\" rel=\"noopener\">Download<\/a><\/div>\n<\/div>\n[\/vc_column_text][\/vc_column_inner][vc_column_inner width=\u00bb1\/4&#8243;][\/vc_column_inner][\/vc_row_inner][\/vc_column][\/vc_row]\n","protected":false},"excerpt":{"rendered":"<p>[vc_row][vc_column][mk_fancy_title color=\u00bb#b1121b\u00bb size=\u00bb26&#8243; margin_bottom=\u00bb0&#8243; font_family=\u00bbRaleway\u00bb font_type=\u00bbgoogle\u00bb]Un centro excepcional en M\u00f3naco donde revisar su salud[\/mk_fancy_title][mk_divider style=\u00bbthick_solid\u00bb divider_width=\u00bbcustom_width\u00bb custom_width=\u00bb90&#8243; align=\u00bbleft\u00bb border_color=\u00bb#b1121b\u00bb margin_top=\u00bb0&#8243;][vc_column_text css=\u00bb.vc_custom_1537191054356{margin-bottom: 0px !important;}\u00bb]Monaco Princess Grace Check-up Unit responde a las necesidades de los m\u00e1s exigentes, en cuanto a la experiencia m\u00e9dica, el asesoramiento personalizado, la prevenci\u00f3n y la calidad de recepci\u00f3n. Nuestro Centro Hospitalario Princesa [&hellip;]<\/p>\n","protected":false},"author":7,"featured_media":0,"parent":0,"menu_order":0,"comment_status":"closed","ping_status":"closed","template":"","meta":{"footnotes":""},"class_list":["post-11290","page","type-page","status-publish","hentry"],"yoast_head":"<!-- This site is optimized with the Yoast SEO plugin v27.5 - https:\/\/yoast.com\/product\/yoast-seo-wordpress\/ -->\n<title>Document - Accueil<\/title>\n<meta name=\"robots\" content=\"index, follow, max-snippet:-1, max-image-preview:large, max-video-preview:-1\" \/>\n<link rel=\"canonical\" href=\"https:\/\/www.checkupunit.chpg.mc\/es\/document\/\" \/>\n<meta property=\"og:locale\" content=\"es_ES\" \/>\n<meta property=\"og:type\" content=\"article\" \/>\n<meta property=\"og:title\" content=\"Document - Accueil\" \/>\n<meta property=\"og:description\" content=\"[vc_row][vc_column][mk_fancy_title color=\u00bb#b1121b\u00bb size=\u00bb26&#8243; margin_bottom=\u00bb0&#8243; font_family=\u00bbRaleway\u00bb font_type=\u00bbgoogle\u00bb]Un centro excepcional en M\u00f3naco donde revisar su salud[\/mk_fancy_title][mk_divider style=\u00bbthick_solid\u00bb divider_width=\u00bbcustom_width\u00bb custom_width=\u00bb90&#8243; align=\u00bbleft\u00bb border_color=\u00bb#b1121b\u00bb margin_top=\u00bb0&#8243;][vc_column_text css=\u00bb.vc_custom_1537191054356{margin-bottom: 0px !important;}\u00bb]Monaco Princess Grace Check-up Unit responde a las necesidades de los m\u00e1s exigentes, en cuanto a la experiencia m\u00e9dica, el asesoramiento personalizado, la prevenci\u00f3n y la calidad de recepci\u00f3n. Nuestro Centro Hospitalario Princesa [&hellip;]\" \/>\n<meta property=\"og:url\" content=\"https:\/\/www.checkupunit.chpg.mc\/es\/document\/\" \/>\n<meta property=\"og:site_name\" content=\"Accueil\" \/>\n<meta property=\"article:modified_time\" content=\"2018-09-17T13:30:59+00:00\" \/>\n<meta property=\"og:image\" content=\"https:\/\/www.checkupunit.chpg.mc\/\/wp-content\/uploads\/2016\/05\/bloc_pdf1.jpg\" \/>\n<meta name=\"twitter:card\" content=\"summary_large_image\" \/>\n<meta name=\"twitter:label1\" content=\"Tiempo de lectura\" \/>\n\t<meta name=\"twitter:data1\" content=\"1 minuto\" \/>\n<script type=\"application\/ld+json\" class=\"yoast-schema-graph\">{\"@context\":\"https:\\\/\\\/schema.org\",\"@graph\":[{\"@type\":\"WebPage\",\"@id\":\"https:\\\/\\\/www.checkupunit.chpg.mc\\\/es\\\/document\\\/\",\"url\":\"https:\\\/\\\/www.checkupunit.chpg.mc\\\/es\\\/document\\\/\",\"name\":\"Document - Accueil\",\"isPartOf\":{\"@id\":\"https:\\\/\\\/www.checkupunit.chpg.mc\\\/#website\"},\"primaryImageOfPage\":{\"@id\":\"https:\\\/\\\/www.checkupunit.chpg.mc\\\/es\\\/document\\\/#primaryimage\"},\"image\":{\"@id\":\"https:\\\/\\\/www.checkupunit.chpg.mc\\\/es\\\/document\\\/#primaryimage\"},\"thumbnailUrl\":\"https:\\\/\\\/www.checkupunit.chpg.mc\\\/\\\/wp-content\\\/uploads\\\/2016\\\/05\\\/bloc_pdf1.jpg\",\"datePublished\":\"2016-06-28T13:00:28+00:00\",\"dateModified\":\"2018-09-17T13:30:59+00:00\",\"breadcrumb\":{\"@id\":\"https:\\\/\\\/www.checkupunit.chpg.mc\\\/es\\\/document\\\/#breadcrumb\"},\"inLanguage\":\"es\",\"potentialAction\":[{\"@type\":\"ReadAction\",\"target\":[\"https:\\\/\\\/www.checkupunit.chpg.mc\\\/es\\\/document\\\/\"]}]},{\"@type\":\"ImageObject\",\"inLanguage\":\"es\",\"@id\":\"https:\\\/\\\/www.checkupunit.chpg.mc\\\/es\\\/document\\\/#primaryimage\",\"url\":\"https:\\\/\\\/www.checkupunit.chpg.mc\\\/\\\/wp-content\\\/uploads\\\/2016\\\/05\\\/bloc_pdf1.jpg\",\"contentUrl\":\"https:\\\/\\\/www.checkupunit.chpg.mc\\\/\\\/wp-content\\\/uploads\\\/2016\\\/05\\\/bloc_pdf1.jpg\"},{\"@type\":\"BreadcrumbList\",\"@id\":\"https:\\\/\\\/www.checkupunit.chpg.mc\\\/es\\\/document\\\/#breadcrumb\",\"itemListElement\":[{\"@type\":\"ListItem\",\"position\":1,\"name\":\"Accueil\",\"item\":\"https:\\\/\\\/www.checkupunit.chpg.mc\\\/\"},{\"@type\":\"ListItem\",\"position\":2,\"name\":\"Document\"}]},{\"@type\":\"WebSite\",\"@id\":\"https:\\\/\\\/www.checkupunit.chpg.mc\\\/#website\",\"url\":\"https:\\\/\\\/www.checkupunit.chpg.mc\\\/\",\"name\":\"Accueil\",\"description\":\"\",\"potentialAction\":[{\"@type\":\"SearchAction\",\"target\":{\"@type\":\"EntryPoint\",\"urlTemplate\":\"https:\\\/\\\/www.checkupunit.chpg.mc\\\/?s={search_term_string}\"},\"query-input\":{\"@type\":\"PropertyValueSpecification\",\"valueRequired\":true,\"valueName\":\"search_term_string\"}}],\"inLanguage\":\"es\"}]}<\/script>\n<!-- \/ Yoast SEO plugin. -->","yoast_head_json":{"title":"Document - Accueil","robots":{"index":"index","follow":"follow","max-snippet":"max-snippet:-1","max-image-preview":"max-image-preview:large","max-video-preview":"max-video-preview:-1"},"canonical":"https:\/\/www.checkupunit.chpg.mc\/es\/document\/","og_locale":"es_ES","og_type":"article","og_title":"Document - Accueil","og_description":"[vc_row][vc_column][mk_fancy_title color=\u00bb#b1121b\u00bb size=\u00bb26&#8243; margin_bottom=\u00bb0&#8243; font_family=\u00bbRaleway\u00bb font_type=\u00bbgoogle\u00bb]Un centro excepcional en M\u00f3naco donde revisar su salud[\/mk_fancy_title][mk_divider style=\u00bbthick_solid\u00bb divider_width=\u00bbcustom_width\u00bb custom_width=\u00bb90&#8243; align=\u00bbleft\u00bb border_color=\u00bb#b1121b\u00bb margin_top=\u00bb0&#8243;][vc_column_text css=\u00bb.vc_custom_1537191054356{margin-bottom: 0px !important;}\u00bb]Monaco Princess Grace Check-up Unit responde a las necesidades de los m\u00e1s exigentes, en cuanto a la experiencia m\u00e9dica, el asesoramiento personalizado, la prevenci\u00f3n y la calidad de recepci\u00f3n. Nuestro Centro Hospitalario Princesa [&hellip;]","og_url":"https:\/\/www.checkupunit.chpg.mc\/es\/document\/","og_site_name":"Accueil","article_modified_time":"2018-09-17T13:30:59+00:00","og_image":[{"url":"https:\/\/www.checkupunit.chpg.mc\/\/wp-content\/uploads\/2016\/05\/bloc_pdf1.jpg","type":"","width":"","height":""}],"twitter_card":"summary_large_image","twitter_misc":{"Tiempo de lectura":"1 minuto"},"schema":{"@context":"https:\/\/schema.org","@graph":[{"@type":"WebPage","@id":"https:\/\/www.checkupunit.chpg.mc\/es\/document\/","url":"https:\/\/www.checkupunit.chpg.mc\/es\/document\/","name":"Document - Accueil","isPartOf":{"@id":"https:\/\/www.checkupunit.chpg.mc\/#website"},"primaryImageOfPage":{"@id":"https:\/\/www.checkupunit.chpg.mc\/es\/document\/#primaryimage"},"image":{"@id":"https:\/\/www.checkupunit.chpg.mc\/es\/document\/#primaryimage"},"thumbnailUrl":"https:\/\/www.checkupunit.chpg.mc\/\/wp-content\/uploads\/2016\/05\/bloc_pdf1.jpg","datePublished":"2016-06-28T13:00:28+00:00","dateModified":"2018-09-17T13:30:59+00:00","breadcrumb":{"@id":"https:\/\/www.checkupunit.chpg.mc\/es\/document\/#breadcrumb"},"inLanguage":"es","potentialAction":[{"@type":"ReadAction","target":["https:\/\/www.checkupunit.chpg.mc\/es\/document\/"]}]},{"@type":"ImageObject","inLanguage":"es","@id":"https:\/\/www.checkupunit.chpg.mc\/es\/document\/#primaryimage","url":"https:\/\/www.checkupunit.chpg.mc\/\/wp-content\/uploads\/2016\/05\/bloc_pdf1.jpg","contentUrl":"https:\/\/www.checkupunit.chpg.mc\/\/wp-content\/uploads\/2016\/05\/bloc_pdf1.jpg"},{"@type":"BreadcrumbList","@id":"https:\/\/www.checkupunit.chpg.mc\/es\/document\/#breadcrumb","itemListElement":[{"@type":"ListItem","position":1,"name":"Accueil","item":"https:\/\/www.checkupunit.chpg.mc\/"},{"@type":"ListItem","position":2,"name":"Document"}]},{"@type":"WebSite","@id":"https:\/\/www.checkupunit.chpg.mc\/#website","url":"https:\/\/www.checkupunit.chpg.mc\/","name":"Accueil","description":"","potentialAction":[{"@type":"SearchAction","target":{"@type":"EntryPoint","urlTemplate":"https:\/\/www.checkupunit.chpg.mc\/?s={search_term_string}"},"query-input":{"@type":"PropertyValueSpecification","valueRequired":true,"valueName":"search_term_string"}}],"inLanguage":"es"}]}},"_links":{"self":[{"href":"https:\/\/www.checkupunit.chpg.mc\/es\/wp-json\/wp\/v2\/pages\/11290","targetHints":{"allow":["GET"]}}],"collection":[{"href":"https:\/\/www.checkupunit.chpg.mc\/es\/wp-json\/wp\/v2\/pages"}],"about":[{"href":"https:\/\/www.checkupunit.chpg.mc\/es\/wp-json\/wp\/v2\/types\/page"}],"author":[{"embeddable":true,"href":"https:\/\/www.checkupunit.chpg.mc\/es\/wp-json\/wp\/v2\/users\/7"}],"replies":[{"embeddable":true,"href":"https:\/\/www.checkupunit.chpg.mc\/es\/wp-json\/wp\/v2\/comments?post=11290"}],"version-history":[{"count":7,"href":"https:\/\/www.checkupunit.chpg.mc\/es\/wp-json\/wp\/v2\/pages\/11290\/revisions"}],"predecessor-version":[{"id":12344,"href":"https:\/\/www.checkupunit.chpg.mc\/es\/wp-json\/wp\/v2\/pages\/11290\/revisions\/12344"}],"wp:attachment":[{"href":"https:\/\/www.checkupunit.chpg.mc\/es\/wp-json\/wp\/v2\/media?parent=11290"}],"curies":[{"name":"wp","href":"https:\/\/api.w.org\/{rel}","templated":true}]}}