{"id":11197,"date":"2016-05-18T08:32:25","date_gmt":"2016-05-18T08:32:25","guid":{"rendered":"http:\/\/chpgunitepreprod.neptune.cdigital.fr\/?page_id=11197&#038;lang=de"},"modified":"2018-07-17T10:04:14","modified_gmt":"2018-07-17T10:04:14","slug":"document","status":"publish","type":"page","link":"https:\/\/www.checkupunit.chpg.mc\/de\/document\/","title":{"rendered":"Document"},"content":{"rendered":"[vc_row][vc_column][mk_fancy_title color=&#8220;#b1121b&#8220; size=&#8220;26&#8243; margin_bottom=&#8220;0&#8243; font_family=&#8220;Raleway&#8220; font_type=&#8220;google&#8220;]Ein Exzellenzzentrum in Monaco f\u00fcr Ihren Gesundheitscheck[\/mk_fancy_title][mk_divider style=&#8220;thick_solid&#8220; divider_width=&#8220;custom_width&#8220; custom_width=&#8220;90&#8243; align=&#8220;left&#8220; border_color=&#8220;#b1121b&#8220; margin_top=&#8220;0&#8243;][vc_column_text css=&#8220;.vc_custom_1531821776606{margin-bottom: 0px !important;}&#8220;]Die Monaco Princess Grace Check-up Unit entspricht den h\u00f6chsten Anforderungen, sowohl was die medizinische Erfahrung, die pers\u00f6nliche Beratung, die Vorbeugung und die Empfangsqualit\u00e4t betrifft.<\/p>\n<p>Unsere Einheit ist integraler Bestandteil des Klinikzentrums \u201cCentre Hospitalier Princesse Grace\u201c, das im Jahr 2015 die h\u00f6chste Auszeichnung in Sachen Gesundheitszertifizierung erhalten hat, und bietet Ihnen ma\u00dfgeschneiderte Gesundheitschecks in einem au\u00dfergew\u00f6hnlichen Rahmen an der Riviera in Monaco.<\/p>\n<p>Wir laden Sie ein, auf diesen Seiten die unvergleichliche Qualit\u00e4t unseres Angebots an Gesundheitschecks zu kennenzulernen. Fu\u0308r weitere Informationen und die Ausarbeitung einer pers\u00f6nlichen Begleitung kontaktieren Sie uns bitte unter den am Ende dieser Broschu\u0308re angegebenen Daten.[\/vc_column_text][vc_row_inner][vc_column_inner width=&#8220;1\/4&#8243;][\/vc_column_inner][vc_column_inner width=&#8220;1\/2&#8243;][vc_column_text css=&#8220;.vc_custom_1531821836298{margin-bottom: 0px !important;}&#8220;]<a href=\"http:\/\/books.chpg.mc\/Contains\/MPGCU_ALLD\/\" target=\"_blank\" rel=\"noopener\"><img loading=\"lazy\" decoding=\"async\" class=\"aligncenter wp-image-11276 size-full\" src=\"https:\/\/www.checkupunit.chpg.mc\/\/wp-content\/uploads\/2016\/05\/bloc_pdf1.jpg\" alt=\"bloc_pdf1\" width=\"309\" height=\"184\" srcset=\"https:\/\/www.checkupunit.chpg.mc\/wp-content\/uploads\/2016\/05\/bloc_pdf1.jpg 309w, https:\/\/www.checkupunit.chpg.mc\/wp-content\/uploads\/2016\/05\/bloc_pdf1-262x156.jpg 262w\" sizes=\"auto, (max-width: 309px) 100vw, 309px\" \/><\/a><\/p>\n<h3>Vorlage<\/h3>\n<p>Monaco Princess Grace Check-up Unit bietet eine komplette Palette thematischer und allgemeiner Gesundheitschecks. Eine personalisierte Studie der klinischen Merkmale erm\u00f6glicht so die individuelle Erstellung ma\u00dfgeschneiderter Gesundheitschecks.<\/p>\n<div class=\"btn-alignement\">\n<div class=\"download_btn\"><a href=\"http:\/\/books.chpg.mc\/Contains\/MPGCU_ALLD\/\" target=\"_blank\" rel=\"noopener\">Download<\/a><\/div>\n<\/div>\n[\/vc_column_text][\/vc_column_inner][vc_column_inner width=&#8220;1\/4&#8243;][\/vc_column_inner][\/vc_row_inner][\/vc_column][\/vc_row]\n","protected":false},"excerpt":{"rendered":"<p>[vc_row][vc_column][mk_fancy_title color=&#8220;#b1121b&#8220; size=&#8220;26&#8243; margin_bottom=&#8220;0&#8243; font_family=&#8220;Raleway&#8220; font_type=&#8220;google&#8220;]Ein Exzellenzzentrum in Monaco f\u00fcr Ihren Gesundheitscheck[\/mk_fancy_title][mk_divider style=&#8220;thick_solid&#8220; divider_width=&#8220;custom_width&#8220; custom_width=&#8220;90&#8243; align=&#8220;left&#8220; border_color=&#8220;#b1121b&#8220; margin_top=&#8220;0&#8243;][vc_column_text css=&#8220;.vc_custom_1531821776606{margin-bottom: 0px !important;}&#8220;]Die Monaco Princess Grace Check-up Unit entspricht den h\u00f6chsten Anforderungen, sowohl was die medizinische Erfahrung, die pers\u00f6nliche Beratung, die Vorbeugung und die Empfangsqualit\u00e4t betrifft. Unsere Einheit ist integraler Bestandteil des Klinikzentrums \u201cCentre Hospitalier Princesse Grace\u201c, [&hellip;]<\/p>\n","protected":false},"author":7,"featured_media":0,"parent":0,"menu_order":0,"comment_status":"closed","ping_status":"closed","template":"","meta":{"footnotes":""},"class_list":["post-11197","page","type-page","status-publish","hentry"],"yoast_head":"<!-- This site is optimized with the Yoast SEO plugin v27.5 - https:\/\/yoast.com\/product\/yoast-seo-wordpress\/ -->\n<title>Document - Accueil<\/title>\n<meta name=\"robots\" content=\"index, follow, max-snippet:-1, max-image-preview:large, max-video-preview:-1\" \/>\n<link rel=\"canonical\" href=\"https:\/\/www.checkupunit.chpg.mc\/de\/document\/\" \/>\n<meta property=\"og:locale\" content=\"de_DE\" \/>\n<meta property=\"og:type\" content=\"article\" \/>\n<meta property=\"og:title\" content=\"Document - Accueil\" \/>\n<meta property=\"og:description\" content=\"[vc_row][vc_column][mk_fancy_title color=&#8220;#b1121b&#8220; size=&#8220;26&#8243; margin_bottom=&#8220;0&#8243; font_family=&#8220;Raleway&#8220; font_type=&#8220;google&#8220;]Ein Exzellenzzentrum in Monaco f\u00fcr Ihren Gesundheitscheck[\/mk_fancy_title][mk_divider style=&#8220;thick_solid&#8220; divider_width=&#8220;custom_width&#8220; custom_width=&#8220;90&#8243; align=&#8220;left&#8220; border_color=&#8220;#b1121b&#8220; margin_top=&#8220;0&#8243;][vc_column_text css=&#8220;.vc_custom_1531821776606{margin-bottom: 0px !important;}&#8220;]Die Monaco Princess Grace Check-up Unit entspricht den h\u00f6chsten Anforderungen, sowohl was die medizinische Erfahrung, die pers\u00f6nliche Beratung, die Vorbeugung und die Empfangsqualit\u00e4t betrifft. Unsere Einheit ist integraler Bestandteil des Klinikzentrums \u201cCentre Hospitalier Princesse Grace\u201c, [&hellip;]\" \/>\n<meta property=\"og:url\" content=\"https:\/\/www.checkupunit.chpg.mc\/de\/document\/\" \/>\n<meta property=\"og:site_name\" content=\"Accueil\" \/>\n<meta property=\"article:modified_time\" content=\"2018-07-17T10:04:14+00:00\" \/>\n<meta property=\"og:image\" content=\"https:\/\/www.checkupunit.chpg.mc\/\/wp-content\/uploads\/2016\/05\/bloc_pdf1.jpg\" \/>\n<meta name=\"twitter:card\" content=\"summary_large_image\" \/>\n<meta name=\"twitter:label1\" content=\"Gesch\u00e4tzte Lesezeit\" \/>\n\t<meta name=\"twitter:data1\" content=\"1\u00a0Minute\" \/>\n<script type=\"application\/ld+json\" class=\"yoast-schema-graph\">{\"@context\":\"https:\\\/\\\/schema.org\",\"@graph\":[{\"@type\":\"WebPage\",\"@id\":\"https:\\\/\\\/www.checkupunit.chpg.mc\\\/de\\\/document\\\/\",\"url\":\"https:\\\/\\\/www.checkupunit.chpg.mc\\\/de\\\/document\\\/\",\"name\":\"Document - Accueil\",\"isPartOf\":{\"@id\":\"https:\\\/\\\/www.checkupunit.chpg.mc\\\/#website\"},\"primaryImageOfPage\":{\"@id\":\"https:\\\/\\\/www.checkupunit.chpg.mc\\\/de\\\/document\\\/#primaryimage\"},\"image\":{\"@id\":\"https:\\\/\\\/www.checkupunit.chpg.mc\\\/de\\\/document\\\/#primaryimage\"},\"thumbnailUrl\":\"https:\\\/\\\/www.checkupunit.chpg.mc\\\/\\\/wp-content\\\/uploads\\\/2016\\\/05\\\/bloc_pdf1.jpg\",\"datePublished\":\"2016-05-18T08:32:25+00:00\",\"dateModified\":\"2018-07-17T10:04:14+00:00\",\"breadcrumb\":{\"@id\":\"https:\\\/\\\/www.checkupunit.chpg.mc\\\/de\\\/document\\\/#breadcrumb\"},\"inLanguage\":\"de\",\"potentialAction\":[{\"@type\":\"ReadAction\",\"target\":[\"https:\\\/\\\/www.checkupunit.chpg.mc\\\/de\\\/document\\\/\"]}]},{\"@type\":\"ImageObject\",\"inLanguage\":\"de\",\"@id\":\"https:\\\/\\\/www.checkupunit.chpg.mc\\\/de\\\/document\\\/#primaryimage\",\"url\":\"https:\\\/\\\/www.checkupunit.chpg.mc\\\/\\\/wp-content\\\/uploads\\\/2016\\\/05\\\/bloc_pdf1.jpg\",\"contentUrl\":\"https:\\\/\\\/www.checkupunit.chpg.mc\\\/\\\/wp-content\\\/uploads\\\/2016\\\/05\\\/bloc_pdf1.jpg\"},{\"@type\":\"BreadcrumbList\",\"@id\":\"https:\\\/\\\/www.checkupunit.chpg.mc\\\/de\\\/document\\\/#breadcrumb\",\"itemListElement\":[{\"@type\":\"ListItem\",\"position\":1,\"name\":\"Accueil\",\"item\":\"https:\\\/\\\/www.checkupunit.chpg.mc\\\/\"},{\"@type\":\"ListItem\",\"position\":2,\"name\":\"Document\"}]},{\"@type\":\"WebSite\",\"@id\":\"https:\\\/\\\/www.checkupunit.chpg.mc\\\/#website\",\"url\":\"https:\\\/\\\/www.checkupunit.chpg.mc\\\/\",\"name\":\"Accueil\",\"description\":\"\",\"potentialAction\":[{\"@type\":\"SearchAction\",\"target\":{\"@type\":\"EntryPoint\",\"urlTemplate\":\"https:\\\/\\\/www.checkupunit.chpg.mc\\\/?s={search_term_string}\"},\"query-input\":{\"@type\":\"PropertyValueSpecification\",\"valueRequired\":true,\"valueName\":\"search_term_string\"}}],\"inLanguage\":\"de\"}]}<\/script>\n<!-- \/ Yoast SEO plugin. -->","yoast_head_json":{"title":"Document - Accueil","robots":{"index":"index","follow":"follow","max-snippet":"max-snippet:-1","max-image-preview":"max-image-preview:large","max-video-preview":"max-video-preview:-1"},"canonical":"https:\/\/www.checkupunit.chpg.mc\/de\/document\/","og_locale":"de_DE","og_type":"article","og_title":"Document - Accueil","og_description":"[vc_row][vc_column][mk_fancy_title color=&#8220;#b1121b&#8220; size=&#8220;26&#8243; margin_bottom=&#8220;0&#8243; font_family=&#8220;Raleway&#8220; font_type=&#8220;google&#8220;]Ein Exzellenzzentrum in Monaco f\u00fcr Ihren Gesundheitscheck[\/mk_fancy_title][mk_divider style=&#8220;thick_solid&#8220; divider_width=&#8220;custom_width&#8220; custom_width=&#8220;90&#8243; align=&#8220;left&#8220; border_color=&#8220;#b1121b&#8220; margin_top=&#8220;0&#8243;][vc_column_text css=&#8220;.vc_custom_1531821776606{margin-bottom: 0px !important;}&#8220;]Die Monaco Princess Grace Check-up Unit entspricht den h\u00f6chsten Anforderungen, sowohl was die medizinische Erfahrung, die pers\u00f6nliche Beratung, die Vorbeugung und die Empfangsqualit\u00e4t betrifft. Unsere Einheit ist integraler Bestandteil des Klinikzentrums \u201cCentre Hospitalier Princesse Grace\u201c, [&hellip;]","og_url":"https:\/\/www.checkupunit.chpg.mc\/de\/document\/","og_site_name":"Accueil","article_modified_time":"2018-07-17T10:04:14+00:00","og_image":[{"url":"https:\/\/www.checkupunit.chpg.mc\/\/wp-content\/uploads\/2016\/05\/bloc_pdf1.jpg","type":"","width":"","height":""}],"twitter_card":"summary_large_image","twitter_misc":{"Gesch\u00e4tzte Lesezeit":"1\u00a0Minute"},"schema":{"@context":"https:\/\/schema.org","@graph":[{"@type":"WebPage","@id":"https:\/\/www.checkupunit.chpg.mc\/de\/document\/","url":"https:\/\/www.checkupunit.chpg.mc\/de\/document\/","name":"Document - Accueil","isPartOf":{"@id":"https:\/\/www.checkupunit.chpg.mc\/#website"},"primaryImageOfPage":{"@id":"https:\/\/www.checkupunit.chpg.mc\/de\/document\/#primaryimage"},"image":{"@id":"https:\/\/www.checkupunit.chpg.mc\/de\/document\/#primaryimage"},"thumbnailUrl":"https:\/\/www.checkupunit.chpg.mc\/\/wp-content\/uploads\/2016\/05\/bloc_pdf1.jpg","datePublished":"2016-05-18T08:32:25+00:00","dateModified":"2018-07-17T10:04:14+00:00","breadcrumb":{"@id":"https:\/\/www.checkupunit.chpg.mc\/de\/document\/#breadcrumb"},"inLanguage":"de","potentialAction":[{"@type":"ReadAction","target":["https:\/\/www.checkupunit.chpg.mc\/de\/document\/"]}]},{"@type":"ImageObject","inLanguage":"de","@id":"https:\/\/www.checkupunit.chpg.mc\/de\/document\/#primaryimage","url":"https:\/\/www.checkupunit.chpg.mc\/\/wp-content\/uploads\/2016\/05\/bloc_pdf1.jpg","contentUrl":"https:\/\/www.checkupunit.chpg.mc\/\/wp-content\/uploads\/2016\/05\/bloc_pdf1.jpg"},{"@type":"BreadcrumbList","@id":"https:\/\/www.checkupunit.chpg.mc\/de\/document\/#breadcrumb","itemListElement":[{"@type":"ListItem","position":1,"name":"Accueil","item":"https:\/\/www.checkupunit.chpg.mc\/"},{"@type":"ListItem","position":2,"name":"Document"}]},{"@type":"WebSite","@id":"https:\/\/www.checkupunit.chpg.mc\/#website","url":"https:\/\/www.checkupunit.chpg.mc\/","name":"Accueil","description":"","potentialAction":[{"@type":"SearchAction","target":{"@type":"EntryPoint","urlTemplate":"https:\/\/www.checkupunit.chpg.mc\/?s={search_term_string}"},"query-input":{"@type":"PropertyValueSpecification","valueRequired":true,"valueName":"search_term_string"}}],"inLanguage":"de"}]}},"_links":{"self":[{"href":"https:\/\/www.checkupunit.chpg.mc\/de\/wp-json\/wp\/v2\/pages\/11197","targetHints":{"allow":["GET"]}}],"collection":[{"href":"https:\/\/www.checkupunit.chpg.mc\/de\/wp-json\/wp\/v2\/pages"}],"about":[{"href":"https:\/\/www.checkupunit.chpg.mc\/de\/wp-json\/wp\/v2\/types\/page"}],"author":[{"embeddable":true,"href":"https:\/\/www.checkupunit.chpg.mc\/de\/wp-json\/wp\/v2\/users\/7"}],"replies":[{"embeddable":true,"href":"https:\/\/www.checkupunit.chpg.mc\/de\/wp-json\/wp\/v2\/comments?post=11197"}],"version-history":[{"count":60,"href":"https:\/\/www.checkupunit.chpg.mc\/de\/wp-json\/wp\/v2\/pages\/11197\/revisions"}],"predecessor-version":[{"id":12154,"href":"https:\/\/www.checkupunit.chpg.mc\/de\/wp-json\/wp\/v2\/pages\/11197\/revisions\/12154"}],"wp:attachment":[{"href":"https:\/\/www.checkupunit.chpg.mc\/de\/wp-json\/wp\/v2\/media?parent=11197"}],"curies":[{"name":"wp","href":"https:\/\/api.w.org\/{rel}","templated":true}]}}